{"id":4939,"date":"2022-05-25T09:33:10","date_gmt":"2022-05-25T09:33:10","guid":{"rendered":"https:\/\/www.goyel.de\/?post_type=product&#038;p=4939"},"modified":"2022-05-25T09:45:05","modified_gmt":"2022-05-25T09:45:05","slug":"goyel-azalea-bracelet","status":"publish","type":"product","link":"https:\/\/www.goyel.de\/en\/product\/goyel-azalea-bracelet","title":{"rendered":"Goyel Azalea Bracelet"},"content":{"rendered":"<ul>\n<li><strong>Material\u00a0<\/strong>18k White -, Ros\u00e9-, Yellowgold; Rhodium plating around Diamonds, Platinum<\/li>\n<li><strong>Chain: <\/strong>Ball Chain 4mm with Lobster clasp 8mm<\/li>\n<li><strong>Diamond Colour<\/strong>\u00a0G-H<\/li>\n<li><strong>Diamond Clarity\u00a0<\/strong>SI<\/li>\n<li><strong>Diamonds<\/strong>:\n<ul>\n<li>\u00a0Round full cut\n<ul>\n<li>Weight: 0,60 cts<\/li>\n<li>Size: 1,30 mm<\/li>\n<\/ul>\n<\/li>\n<li><strong>Coloured Stones:\u00a0<\/strong>\n<ul>\n<li>5 Faceted round cut Tanzanite (AAAA)\n<ul>\n<li>Weight: 1,75 cts<\/li>\n<li>Size: 4mm<\/li>\n<\/ul>\n<\/li>\n<\/ul>\n<\/li>\n<\/ul>\n<\/li>\n<\/ul>","protected":false},"excerpt":{"rendered":"<p>Dieses zarte und trendige Armband gewinnt unsere Herzen mit seinem attraktiven Design. Mit seinem Tansanit, der in wei\u00dfe Diamanten eingebettet ist, und der Kugelkette ist dieses Armband ein perfektes Geschenk f\u00fcr Ihre Liebsten. Mit Farben, die zu den meisten Outfits passen, kann dieses sch\u00f6ne Armband bei Tag und bei Nacht getragen werden.<\/p>\n<p>Haben Sie spezielle W\u00fcnsche? Dann schreiben Sie uns eine\u00a0<a href=\"mailto:shop@goyel.de?subject=[Enquiry]%20-%20Goyel%20eBoutique%20Enquiry\">E-Mail<\/a><\/p>\n<p>Lieferzeit: 4-6 Wochen<\/p>\n","protected":false},"featured_media":4944,"template":"","meta":{"site-sidebar-layout":"default","site-content-layout":"default","ast-site-content-layout":"default","site-content-style":"default","site-sidebar-style":"default","ast-global-header-display":"","ast-banner-title-visibility":"","ast-main-header-display":"","ast-hfb-above-header-display":"","ast-hfb-below-header-display":"","ast-hfb-mobile-header-display":"","site-post-title":"","ast-breadcrumbs-content":"","ast-featured-img":"","footer-sml-layout":"","theme-transparent-header-meta":"default","adv-header-id-meta":"","stick-header-meta":"","header-above-stick-meta":"","header-main-stick-meta":"","header-below-stick-meta":"","astra-migrate-meta-layouts":"default","ast-page-background-enabled":"default","ast-page-background-meta":{"desktop":{"background-color":"","background-image":"","background-repeat":"repeat","background-position":"center center","background-size":"auto","background-attachment":"scroll","background-type":"","background-media":"","overlay-type":"","overlay-color":"","overlay-opacity":"","overlay-gradient":""},"tablet":{"background-color":"","background-image":"","background-repeat":"repeat","background-position":"center center","background-size":"auto","background-attachment":"scroll","background-type":"","background-media":"","overlay-type":"","overlay-color":"","overlay-opacity":"","overlay-gradient":""},"mobile":{"background-color":"","background-image":"","background-repeat":"repeat","background-position":"center center","background-size":"auto","background-attachment":"scroll","background-type":"","background-media":"","overlay-type":"","overlay-color":"","overlay-opacity":"","overlay-gradient":""}},"ast-content-background-meta":{"desktop":{"background-color":"var(--ast-global-color-5)","background-image":"","background-repeat":"repeat","background-position":"center center","background-size":"auto","background-attachment":"scroll","background-type":"","background-media":"","overlay-type":"","overlay-color":"","overlay-opacity":"","overlay-gradient":""},"tablet":{"background-color":"var(--ast-global-color-5)","background-image":"","background-repeat":"repeat","background-position":"center center","background-size":"auto","background-attachment":"scroll","background-type":"","background-media":"","overlay-type":"","overlay-color":"","overlay-opacity":"","overlay-gradient":""},"mobile":{"background-color":"var(--ast-global-color-5)","background-image":"","background-repeat":"repeat","background-position":"center center","background-size":"auto","background-attachment":"scroll","background-type":"","background-media":"","overlay-type":"","overlay-color":"","overlay-opacity":"","overlay-gradient":""}}},"product_brand":[],"product_cat":[88,74],"product_tag":[],"class_list":{"0":"post-4939","1":"product","2":"type-product","3":"status-publish","4":"has-post-thumbnail","6":"product_cat-bracelet","7":"product_cat-flower-power-collection","8":"desktop-align-left","9":"tablet-align-left","10":"mobile-align-left","12":"first","13":"instock","14":"taxable","15":"shipping-taxable","16":"purchasable","17":"product-type-variable","18":"has-default-attributes"},"yoast_head":"<!-- This site is optimized with the Yoast SEO plugin v27.5 - https:\/\/yoast.com\/product\/yoast-seo-wordpress\/ -->\n<title>Goyel Azalea Bracelet - Goyel<\/title>\n<meta name=\"robots\" content=\"index, follow, max-snippet:-1, max-image-preview:large, max-video-preview:-1\" \/>\n<link rel=\"canonical\" href=\"https:\/\/www.goyel.de\/en\/product\/goyel-azalea-bracelet\/\" \/>\n<meta property=\"og:locale\" content=\"en_US\" \/>\n<meta property=\"og:type\" content=\"article\" \/>\n<meta property=\"og:title\" content=\"Goyel Azalea Bracelet - Goyel\" \/>\n<meta property=\"og:description\" content=\"Dieses zarte und trendige Armband gewinnt unsere Herzen mit seinem attraktiven Design. Mit seinem Tansanit, der in wei\u00dfe Diamanten eingebettet ist, und der Kugelkette ist dieses Armband ein perfektes Geschenk f\u00fcr Ihre Liebsten. Mit Farben, die zu den meisten Outfits passen, kann dieses sch\u00f6ne Armband bei Tag und bei Nacht getragen werden.  Haben Sie spezielle W\u00fcnsche? Dann schreiben Sie uns eine\u00a0E-Mail  Lieferzeit: 4-6 Wochen\" \/>\n<meta property=\"og:url\" content=\"https:\/\/www.goyel.de\/en\/product\/goyel-azalea-bracelet\/\" \/>\n<meta property=\"og:site_name\" content=\"Goyel\" \/>\n<meta property=\"article:publisher\" content=\"https:\/\/www.facebook.com\/goyeljewelry\" \/>\n<meta property=\"article:modified_time\" content=\"2022-05-25T09:45:05+00:00\" \/>\n<meta property=\"og:image\" content=\"https:\/\/www.goyel.de\/wp-content\/uploads\/2022\/05\/1-14.jpg\" \/>\n\t<meta property=\"og:image:width\" content=\"1024\" \/>\n\t<meta property=\"og:image:height\" content=\"1024\" \/>\n\t<meta property=\"og:image:type\" content=\"image\/jpeg\" \/>\n<meta name=\"twitter:card\" content=\"summary_large_image\" \/>\n<script type=\"application\/ld+json\" class=\"yoast-schema-graph\">{\"@context\":\"https:\\\/\\\/schema.org\",\"@graph\":[{\"@type\":\"WebPage\",\"@id\":\"https:\\\/\\\/www.goyel.de\\\/product\\\/goyel-azalea-bracelet\",\"url\":\"https:\\\/\\\/www.goyel.de\\\/product\\\/goyel-azalea-bracelet\",\"name\":\"Goyel Azalea Bracelet - Goyel\",\"isPartOf\":{\"@id\":\"https:\\\/\\\/www.goyel.de\\\/#website\"},\"primaryImageOfPage\":{\"@id\":\"https:\\\/\\\/www.goyel.de\\\/product\\\/goyel-azalea-bracelet#primaryimage\"},\"image\":{\"@id\":\"https:\\\/\\\/www.goyel.de\\\/product\\\/goyel-azalea-bracelet#primaryimage\"},\"thumbnailUrl\":\"https:\\\/\\\/www.goyel.de\\\/wp-content\\\/uploads\\\/2022\\\/05\\\/1-14.jpg\",\"datePublished\":\"2022-05-25T09:33:10+00:00\",\"dateModified\":\"2022-05-25T09:45:05+00:00\",\"breadcrumb\":{\"@id\":\"https:\\\/\\\/www.goyel.de\\\/product\\\/goyel-azalea-bracelet#breadcrumb\"},\"inLanguage\":\"en-US\",\"potentialAction\":[{\"@type\":\"ReadAction\",\"target\":[\"https:\\\/\\\/www.goyel.de\\\/product\\\/goyel-azalea-bracelet\"]}]},{\"@type\":\"ImageObject\",\"inLanguage\":\"en-US\",\"@id\":\"https:\\\/\\\/www.goyel.de\\\/product\\\/goyel-azalea-bracelet#primaryimage\",\"url\":\"https:\\\/\\\/www.goyel.de\\\/wp-content\\\/uploads\\\/2022\\\/05\\\/1-14.jpg\",\"contentUrl\":\"https:\\\/\\\/www.goyel.de\\\/wp-content\\\/uploads\\\/2022\\\/05\\\/1-14.jpg\",\"width\":1024,\"height\":1024},{\"@type\":\"BreadcrumbList\",\"@id\":\"https:\\\/\\\/www.goyel.de\\\/product\\\/goyel-azalea-bracelet#breadcrumb\",\"itemListElement\":[{\"@type\":\"ListItem\",\"position\":1,\"name\":\"Home\",\"item\":\"https:\\\/\\\/www.goyel.de\\\/\"},{\"@type\":\"ListItem\",\"position\":2,\"name\":\"Shop\",\"item\":\"https:\\\/\\\/www.goyel.de\\\/shop-2\"},{\"@type\":\"ListItem\",\"position\":3,\"name\":\"Goyel Azalea Bracelet\"}]},{\"@type\":\"WebSite\",\"@id\":\"https:\\\/\\\/www.goyel.de\\\/#website\",\"url\":\"https:\\\/\\\/www.goyel.de\\\/\",\"name\":\"Goyel\",\"description\":\"Creates a lifetime memory\",\"publisher\":{\"@id\":\"https:\\\/\\\/www.goyel.de\\\/#organization\"},\"potentialAction\":[{\"@type\":\"SearchAction\",\"target\":{\"@type\":\"EntryPoint\",\"urlTemplate\":\"https:\\\/\\\/www.goyel.de\\\/?s={search_term_string}\"},\"query-input\":{\"@type\":\"PropertyValueSpecification\",\"valueRequired\":true,\"valueName\":\"search_term_string\"}}],\"inLanguage\":\"en-US\"},{\"@type\":\"Organization\",\"@id\":\"https:\\\/\\\/www.goyel.de\\\/#organization\",\"name\":\"Goyel\",\"url\":\"https:\\\/\\\/www.goyel.de\\\/\",\"logo\":{\"@type\":\"ImageObject\",\"inLanguage\":\"en-US\",\"@id\":\"https:\\\/\\\/www.goyel.de\\\/#\\\/schema\\\/logo\\\/image\\\/\",\"url\":\"https:\\\/\\\/i2.wp.com\\\/www.goyel.de\\\/wp-content\\\/uploads\\\/2021\\\/07\\\/goyel_black-e1628160184248.png?fit=868%2C325&ssl=1\",\"contentUrl\":\"https:\\\/\\\/i2.wp.com\\\/www.goyel.de\\\/wp-content\\\/uploads\\\/2021\\\/07\\\/goyel_black-e1628160184248.png?fit=868%2C325&ssl=1\",\"width\":868,\"height\":325,\"caption\":\"Goyel\"},\"image\":{\"@id\":\"https:\\\/\\\/www.goyel.de\\\/#\\\/schema\\\/logo\\\/image\\\/\"},\"sameAs\":[\"https:\\\/\\\/www.facebook.com\\\/goyeljewelry\",\"https:\\\/\\\/www.instagram.com\\\/goyeljewelry\\\/\"]}]}<\/script>\n<!-- \/ Yoast SEO plugin. -->","yoast_head_json":{"title":"Goyel Azalea Bracelet - Goyel","robots":{"index":"index","follow":"follow","max-snippet":"max-snippet:-1","max-image-preview":"max-image-preview:large","max-video-preview":"max-video-preview:-1"},"canonical":"https:\/\/www.goyel.de\/en\/product\/goyel-azalea-bracelet\/","og_locale":"en_US","og_type":"article","og_title":"Goyel Azalea Bracelet - Goyel","og_description":"Dieses zarte und trendige Armband gewinnt unsere Herzen mit seinem attraktiven Design. Mit seinem Tansanit, der in wei\u00dfe Diamanten eingebettet ist, und der Kugelkette ist dieses Armband ein perfektes Geschenk f\u00fcr Ihre Liebsten. Mit Farben, die zu den meisten Outfits passen, kann dieses sch\u00f6ne Armband bei Tag und bei Nacht getragen werden.  Haben Sie spezielle W\u00fcnsche? Dann schreiben Sie uns eine\u00a0E-Mail  Lieferzeit: 4-6 Wochen","og_url":"https:\/\/www.goyel.de\/en\/product\/goyel-azalea-bracelet\/","og_site_name":"Goyel","article_publisher":"https:\/\/www.facebook.com\/goyeljewelry","article_modified_time":"2022-05-25T09:45:05+00:00","og_image":[{"width":1024,"height":1024,"url":"https:\/\/www.goyel.de\/wp-content\/uploads\/2022\/05\/1-14.jpg","type":"image\/jpeg"}],"twitter_card":"summary_large_image","schema":{"@context":"https:\/\/schema.org","@graph":[{"@type":"WebPage","@id":"https:\/\/www.goyel.de\/product\/goyel-azalea-bracelet","url":"https:\/\/www.goyel.de\/product\/goyel-azalea-bracelet","name":"Goyel Azalea Bracelet - Goyel","isPartOf":{"@id":"https:\/\/www.goyel.de\/#website"},"primaryImageOfPage":{"@id":"https:\/\/www.goyel.de\/product\/goyel-azalea-bracelet#primaryimage"},"image":{"@id":"https:\/\/www.goyel.de\/product\/goyel-azalea-bracelet#primaryimage"},"thumbnailUrl":"https:\/\/www.goyel.de\/wp-content\/uploads\/2022\/05\/1-14.jpg","datePublished":"2022-05-25T09:33:10+00:00","dateModified":"2022-05-25T09:45:05+00:00","breadcrumb":{"@id":"https:\/\/www.goyel.de\/product\/goyel-azalea-bracelet#breadcrumb"},"inLanguage":"en-US","potentialAction":[{"@type":"ReadAction","target":["https:\/\/www.goyel.de\/product\/goyel-azalea-bracelet"]}]},{"@type":"ImageObject","inLanguage":"en-US","@id":"https:\/\/www.goyel.de\/product\/goyel-azalea-bracelet#primaryimage","url":"https:\/\/www.goyel.de\/wp-content\/uploads\/2022\/05\/1-14.jpg","contentUrl":"https:\/\/www.goyel.de\/wp-content\/uploads\/2022\/05\/1-14.jpg","width":1024,"height":1024},{"@type":"BreadcrumbList","@id":"https:\/\/www.goyel.de\/product\/goyel-azalea-bracelet#breadcrumb","itemListElement":[{"@type":"ListItem","position":1,"name":"Home","item":"https:\/\/www.goyel.de\/"},{"@type":"ListItem","position":2,"name":"Shop","item":"https:\/\/www.goyel.de\/shop-2"},{"@type":"ListItem","position":3,"name":"Goyel Azalea Bracelet"}]},{"@type":"WebSite","@id":"https:\/\/www.goyel.de\/#website","url":"https:\/\/www.goyel.de\/","name":"Goyel","description":"Creates a lifetime memory","publisher":{"@id":"https:\/\/www.goyel.de\/#organization"},"potentialAction":[{"@type":"SearchAction","target":{"@type":"EntryPoint","urlTemplate":"https:\/\/www.goyel.de\/?s={search_term_string}"},"query-input":{"@type":"PropertyValueSpecification","valueRequired":true,"valueName":"search_term_string"}}],"inLanguage":"en-US"},{"@type":"Organization","@id":"https:\/\/www.goyel.de\/#organization","name":"Goyel","url":"https:\/\/www.goyel.de\/","logo":{"@type":"ImageObject","inLanguage":"en-US","@id":"https:\/\/www.goyel.de\/#\/schema\/logo\/image\/","url":"https:\/\/i2.wp.com\/www.goyel.de\/wp-content\/uploads\/2021\/07\/goyel_black-e1628160184248.png?fit=868%2C325&ssl=1","contentUrl":"https:\/\/i2.wp.com\/www.goyel.de\/wp-content\/uploads\/2021\/07\/goyel_black-e1628160184248.png?fit=868%2C325&ssl=1","width":868,"height":325,"caption":"Goyel"},"image":{"@id":"https:\/\/www.goyel.de\/#\/schema\/logo\/image\/"},"sameAs":["https:\/\/www.facebook.com\/goyeljewelry","https:\/\/www.instagram.com\/goyeljewelry\/"]}]}},"jetpack_sharing_enabled":true,"_links":{"self":[{"href":"https:\/\/www.goyel.de\/en\/wp-json\/wp\/v2\/product\/4939","targetHints":{"allow":["GET"]}}],"collection":[{"href":"https:\/\/www.goyel.de\/en\/wp-json\/wp\/v2\/product"}],"about":[{"href":"https:\/\/www.goyel.de\/en\/wp-json\/wp\/v2\/types\/product"}],"wp:featuredmedia":[{"embeddable":true,"href":"https:\/\/www.goyel.de\/en\/wp-json\/wp\/v2\/media\/4944"}],"wp:attachment":[{"href":"https:\/\/www.goyel.de\/en\/wp-json\/wp\/v2\/media?parent=4939"}],"wp:term":[{"taxonomy":"product_brand","embeddable":true,"href":"https:\/\/www.goyel.de\/en\/wp-json\/wp\/v2\/product_brand?post=4939"},{"taxonomy":"product_cat","embeddable":true,"href":"https:\/\/www.goyel.de\/en\/wp-json\/wp\/v2\/product_cat?post=4939"},{"taxonomy":"product_tag","embeddable":true,"href":"https:\/\/www.goyel.de\/en\/wp-json\/wp\/v2\/product_tag?post=4939"}],"curies":[{"name":"wp","href":"https:\/\/api.w.org\/{rel}","templated":true}]}}