{"id":2253,"date":"2021-10-16T08:50:03","date_gmt":"2021-10-16T08:50:03","guid":{"rendered":"https:\/\/www.goyel.de\/?post_type=product&#038;p=2253"},"modified":"2022-08-15T09:07:45","modified_gmt":"2022-08-15T09:07:45","slug":"goyel-dancing-leaf-ring","status":"publish","type":"product","link":"https:\/\/www.goyel.de\/en\/product\/goyel-dancing-leaf-ring","title":{"rendered":"Goyel Dancing Leaf Ring"},"content":{"rendered":"<ul>\n<li><strong>Material\u00a0<\/strong>18k White- , Ros\u00e9- , Yellow-Gold<\/li>\n<li><strong>Diamond Colour<\/strong>\u00a0G-H<\/li>\n<li><strong>Diamond Clarity\u00a0<\/strong>SI<\/li>\n<li><strong>Diamonds<\/strong>: IGI Certified\n<ul>\n<li>4 Faceted Marquise cut Diamonds\n<ul>\n<li>Weight: 1,32 cts<\/li>\n<\/ul>\n<\/li>\n<li>4 Faceted Marquise cut Diamonds\n<ul>\n<li>Weight: 1,00 cts<\/li>\n<\/ul>\n<\/li>\n<\/ul>\n<\/li>\n<li><strong>Coloured Stones:\u00a0<\/strong>\n<ul>\n<li>1 Faceted Round cut Tanzanite (AAAA)\n<ul>\n<li>Weight: 0,55cts<\/li>\n<\/ul>\n<\/li>\n<\/ul>\n<\/li>\n<\/ul>","protected":false},"excerpt":{"rendered":"<p>Ein klassischer Blumenring, akzentuiert durch schimmernde Marquis-Diamanten mit einem blau-violetten Tansanit in der Mitte, ist eine interessante Erg\u00e4nzung Ihrer Ringkollektion. Tragen Sie den Ring zu einem legeren Kleid oder zu formellen Anl\u00e4ssen, Sie werden feststellen, dass seine Vielseitigkeit seinen Charme nur noch verst\u00e4rkt.<\/p>\n<p>Unsere Diamanten wurden konfliktfrei abgebaut sowie gehandelt und verf\u00fcgen \u00fcber ein anerkanntes Zertifikat (IGI)<\/p>\n<p>Haben Sie spezielle W\u00fcnsche? Dann schreiben Sie uns eine <a href=\"mailto:shop@goyel.de?subject=[Enquiry] - Goyel eBoutique Enquiry\">E-Mail<\/a><\/p>\n<p>Lieferzeit: 4-6 Wochen<\/p>\n","protected":false},"featured_media":2306,"template":"","meta":{"site-sidebar-layout":"default","site-content-layout":"default","ast-site-content-layout":"default","site-content-style":"default","site-sidebar-style":"default","ast-global-header-display":"","ast-banner-title-visibility":"","ast-main-header-display":"","ast-hfb-above-header-display":"","ast-hfb-below-header-display":"","ast-hfb-mobile-header-display":"","site-post-title":"","ast-breadcrumbs-content":"","ast-featured-img":"","footer-sml-layout":"","theme-transparent-header-meta":"default","adv-header-id-meta":"","stick-header-meta":"","header-above-stick-meta":"","header-main-stick-meta":"","header-below-stick-meta":"","astra-migrate-meta-layouts":"default","ast-page-background-enabled":"default","ast-page-background-meta":{"desktop":{"background-color":"","background-image":"","background-repeat":"repeat","background-position":"center center","background-size":"auto","background-attachment":"scroll","background-type":"","background-media":"","overlay-type":"","overlay-color":"","overlay-opacity":"","overlay-gradient":""},"tablet":{"background-color":"","background-image":"","background-repeat":"repeat","background-position":"center center","background-size":"auto","background-attachment":"scroll","background-type":"","background-media":"","overlay-type":"","overlay-color":"","overlay-opacity":"","overlay-gradient":""},"mobile":{"background-color":"","background-image":"","background-repeat":"repeat","background-position":"center center","background-size":"auto","background-attachment":"scroll","background-type":"","background-media":"","overlay-type":"","overlay-color":"","overlay-opacity":"","overlay-gradient":""}},"ast-content-background-meta":{"desktop":{"background-color":"var(--ast-global-color-5)","background-image":"","background-repeat":"repeat","background-position":"center center","background-size":"auto","background-attachment":"scroll","background-type":"","background-media":"","overlay-type":"","overlay-color":"","overlay-opacity":"","overlay-gradient":""},"tablet":{"background-color":"var(--ast-global-color-5)","background-image":"","background-repeat":"repeat","background-position":"center center","background-size":"auto","background-attachment":"scroll","background-type":"","background-media":"","overlay-type":"","overlay-color":"","overlay-opacity":"","overlay-gradient":""},"mobile":{"background-color":"var(--ast-global-color-5)","background-image":"","background-repeat":"repeat","background-position":"center center","background-size":"auto","background-attachment":"scroll","background-type":"","background-media":"","overlay-type":"","overlay-color":"","overlay-opacity":"","overlay-gradient":""}}},"product_brand":[],"product_cat":[38,68,74,67],"product_tag":[],"class_list":{"0":"post-2253","1":"product","2":"type-product","3":"status-publish","4":"has-post-thumbnail","6":"product_cat-coloured-stones-rings","7":"product_cat-diamond-rings","8":"product_cat-flower-power-collection","9":"product_cat-ring","10":"desktop-align-left","11":"tablet-align-left","12":"mobile-align-left","14":"first","15":"instock","16":"taxable","17":"shipping-taxable","18":"purchasable","19":"product-type-variable","20":"has-default-attributes"},"yoast_head":"<!-- This site is optimized with the Yoast SEO plugin v27.5 - https:\/\/yoast.com\/product\/yoast-seo-wordpress\/ -->\n<title>Goyel Dancing Leaf Ring - Goyel<\/title>\n<meta name=\"description\" content=\"Ein klassischer Blumenring, akzentuiert durch schimmernde Marquis-Diamanten mit einem blau-violetten Tansanit in der Mitte.\" \/>\n<meta name=\"robots\" content=\"index, follow, max-snippet:-1, max-image-preview:large, max-video-preview:-1\" \/>\n<link rel=\"canonical\" href=\"https:\/\/www.goyel.de\/en\/product\/goyel-dancing-leaf-ring\/\" \/>\n<meta property=\"og:locale\" content=\"en_US\" \/>\n<meta property=\"og:type\" content=\"article\" \/>\n<meta property=\"og:title\" content=\"Goyel Dancing Leaf Ring - Goyel\" \/>\n<meta property=\"og:description\" content=\"Ein klassischer Blumenring, akzentuiert durch schimmernde Marquis-Diamanten mit einem blau-violetten Tansanit in der Mitte.\" \/>\n<meta property=\"og:url\" content=\"https:\/\/www.goyel.de\/en\/product\/goyel-dancing-leaf-ring\/\" \/>\n<meta property=\"og:site_name\" content=\"Goyel\" \/>\n<meta property=\"article:publisher\" content=\"https:\/\/www.facebook.com\/goyeljewelry\" \/>\n<meta property=\"article:modified_time\" content=\"2022-08-15T09:07:45+00:00\" \/>\n<meta property=\"og:image\" content=\"https:\/\/www.goyel.de\/wp-content\/uploads\/2021\/10\/GSP-RN-CR-11937-ad-4247-Sept2021-T2V_edited.jpg\" \/>\n\t<meta property=\"og:image:width\" content=\"1024\" \/>\n\t<meta property=\"og:image:height\" content=\"1024\" \/>\n\t<meta property=\"og:image:type\" content=\"image\/jpeg\" \/>\n<meta name=\"twitter:card\" content=\"summary_large_image\" \/>\n<meta name=\"twitter:label1\" content=\"Est. reading time\" \/>\n\t<meta name=\"twitter:data1\" content=\"1 minute\" \/>\n<script type=\"application\/ld+json\" class=\"yoast-schema-graph\">{\"@context\":\"https:\\\/\\\/schema.org\",\"@graph\":[{\"@type\":\"WebPage\",\"@id\":\"https:\\\/\\\/www.goyel.de\\\/product\\\/goyel-dancing-leaf-ring\",\"url\":\"https:\\\/\\\/www.goyel.de\\\/product\\\/goyel-dancing-leaf-ring\",\"name\":\"Goyel Dancing Leaf Ring - Goyel\",\"isPartOf\":{\"@id\":\"https:\\\/\\\/www.goyel.de\\\/#website\"},\"primaryImageOfPage\":{\"@id\":\"https:\\\/\\\/www.goyel.de\\\/product\\\/goyel-dancing-leaf-ring#primaryimage\"},\"image\":{\"@id\":\"https:\\\/\\\/www.goyel.de\\\/product\\\/goyel-dancing-leaf-ring#primaryimage\"},\"thumbnailUrl\":\"https:\\\/\\\/www.goyel.de\\\/wp-content\\\/uploads\\\/2021\\\/10\\\/GSP-RN-CR-11937-ad-4247-Sept2021-T2V_edited.jpg\",\"datePublished\":\"2021-10-16T08:50:03+00:00\",\"dateModified\":\"2022-08-15T09:07:45+00:00\",\"description\":\"Ein klassischer Blumenring, akzentuiert durch schimmernde Marquis-Diamanten mit einem blau-violetten Tansanit in der Mitte.\",\"breadcrumb\":{\"@id\":\"https:\\\/\\\/www.goyel.de\\\/product\\\/goyel-dancing-leaf-ring#breadcrumb\"},\"inLanguage\":\"en-US\",\"potentialAction\":[{\"@type\":\"ReadAction\",\"target\":[\"https:\\\/\\\/www.goyel.de\\\/product\\\/goyel-dancing-leaf-ring\"]}]},{\"@type\":\"ImageObject\",\"inLanguage\":\"en-US\",\"@id\":\"https:\\\/\\\/www.goyel.de\\\/product\\\/goyel-dancing-leaf-ring#primaryimage\",\"url\":\"https:\\\/\\\/www.goyel.de\\\/wp-content\\\/uploads\\\/2021\\\/10\\\/GSP-RN-CR-11937-ad-4247-Sept2021-T2V_edited.jpg\",\"contentUrl\":\"https:\\\/\\\/www.goyel.de\\\/wp-content\\\/uploads\\\/2021\\\/10\\\/GSP-RN-CR-11937-ad-4247-Sept2021-T2V_edited.jpg\",\"width\":1024,\"height\":1024},{\"@type\":\"BreadcrumbList\",\"@id\":\"https:\\\/\\\/www.goyel.de\\\/product\\\/goyel-dancing-leaf-ring#breadcrumb\",\"itemListElement\":[{\"@type\":\"ListItem\",\"position\":1,\"name\":\"Home\",\"item\":\"https:\\\/\\\/www.goyel.de\\\/\"},{\"@type\":\"ListItem\",\"position\":2,\"name\":\"Shop\",\"item\":\"https:\\\/\\\/www.goyel.de\\\/shop-2\"},{\"@type\":\"ListItem\",\"position\":3,\"name\":\"Goyel Dancing Leaf Ring\"}]},{\"@type\":\"WebSite\",\"@id\":\"https:\\\/\\\/www.goyel.de\\\/#website\",\"url\":\"https:\\\/\\\/www.goyel.de\\\/\",\"name\":\"Goyel\",\"description\":\"Creates a lifetime memory\",\"publisher\":{\"@id\":\"https:\\\/\\\/www.goyel.de\\\/#organization\"},\"potentialAction\":[{\"@type\":\"SearchAction\",\"target\":{\"@type\":\"EntryPoint\",\"urlTemplate\":\"https:\\\/\\\/www.goyel.de\\\/?s={search_term_string}\"},\"query-input\":{\"@type\":\"PropertyValueSpecification\",\"valueRequired\":true,\"valueName\":\"search_term_string\"}}],\"inLanguage\":\"en-US\"},{\"@type\":\"Organization\",\"@id\":\"https:\\\/\\\/www.goyel.de\\\/#organization\",\"name\":\"Goyel\",\"url\":\"https:\\\/\\\/www.goyel.de\\\/\",\"logo\":{\"@type\":\"ImageObject\",\"inLanguage\":\"en-US\",\"@id\":\"https:\\\/\\\/www.goyel.de\\\/#\\\/schema\\\/logo\\\/image\\\/\",\"url\":\"https:\\\/\\\/i2.wp.com\\\/www.goyel.de\\\/wp-content\\\/uploads\\\/2021\\\/07\\\/goyel_black-e1628160184248.png?fit=868%2C325&ssl=1\",\"contentUrl\":\"https:\\\/\\\/i2.wp.com\\\/www.goyel.de\\\/wp-content\\\/uploads\\\/2021\\\/07\\\/goyel_black-e1628160184248.png?fit=868%2C325&ssl=1\",\"width\":868,\"height\":325,\"caption\":\"Goyel\"},\"image\":{\"@id\":\"https:\\\/\\\/www.goyel.de\\\/#\\\/schema\\\/logo\\\/image\\\/\"},\"sameAs\":[\"https:\\\/\\\/www.facebook.com\\\/goyeljewelry\",\"https:\\\/\\\/www.instagram.com\\\/goyeljewelry\\\/\"]}]}<\/script>\n<!-- \/ Yoast SEO plugin. -->","yoast_head_json":{"title":"Goyel Dancing Leaf Ring - Goyel","description":"Ein klassischer Blumenring, akzentuiert durch schimmernde Marquis-Diamanten mit einem blau-violetten Tansanit in der Mitte.","robots":{"index":"index","follow":"follow","max-snippet":"max-snippet:-1","max-image-preview":"max-image-preview:large","max-video-preview":"max-video-preview:-1"},"canonical":"https:\/\/www.goyel.de\/en\/product\/goyel-dancing-leaf-ring\/","og_locale":"en_US","og_type":"article","og_title":"Goyel Dancing Leaf Ring - Goyel","og_description":"Ein klassischer Blumenring, akzentuiert durch schimmernde Marquis-Diamanten mit einem blau-violetten Tansanit in der Mitte.","og_url":"https:\/\/www.goyel.de\/en\/product\/goyel-dancing-leaf-ring\/","og_site_name":"Goyel","article_publisher":"https:\/\/www.facebook.com\/goyeljewelry","article_modified_time":"2022-08-15T09:07:45+00:00","og_image":[{"width":1024,"height":1024,"url":"https:\/\/www.goyel.de\/wp-content\/uploads\/2021\/10\/GSP-RN-CR-11937-ad-4247-Sept2021-T2V_edited.jpg","type":"image\/jpeg"}],"twitter_card":"summary_large_image","twitter_misc":{"Est. reading time":"1 minute"},"schema":{"@context":"https:\/\/schema.org","@graph":[{"@type":"WebPage","@id":"https:\/\/www.goyel.de\/product\/goyel-dancing-leaf-ring","url":"https:\/\/www.goyel.de\/product\/goyel-dancing-leaf-ring","name":"Goyel Dancing Leaf Ring - Goyel","isPartOf":{"@id":"https:\/\/www.goyel.de\/#website"},"primaryImageOfPage":{"@id":"https:\/\/www.goyel.de\/product\/goyel-dancing-leaf-ring#primaryimage"},"image":{"@id":"https:\/\/www.goyel.de\/product\/goyel-dancing-leaf-ring#primaryimage"},"thumbnailUrl":"https:\/\/www.goyel.de\/wp-content\/uploads\/2021\/10\/GSP-RN-CR-11937-ad-4247-Sept2021-T2V_edited.jpg","datePublished":"2021-10-16T08:50:03+00:00","dateModified":"2022-08-15T09:07:45+00:00","description":"Ein klassischer Blumenring, akzentuiert durch schimmernde Marquis-Diamanten mit einem blau-violetten Tansanit in der Mitte.","breadcrumb":{"@id":"https:\/\/www.goyel.de\/product\/goyel-dancing-leaf-ring#breadcrumb"},"inLanguage":"en-US","potentialAction":[{"@type":"ReadAction","target":["https:\/\/www.goyel.de\/product\/goyel-dancing-leaf-ring"]}]},{"@type":"ImageObject","inLanguage":"en-US","@id":"https:\/\/www.goyel.de\/product\/goyel-dancing-leaf-ring#primaryimage","url":"https:\/\/www.goyel.de\/wp-content\/uploads\/2021\/10\/GSP-RN-CR-11937-ad-4247-Sept2021-T2V_edited.jpg","contentUrl":"https:\/\/www.goyel.de\/wp-content\/uploads\/2021\/10\/GSP-RN-CR-11937-ad-4247-Sept2021-T2V_edited.jpg","width":1024,"height":1024},{"@type":"BreadcrumbList","@id":"https:\/\/www.goyel.de\/product\/goyel-dancing-leaf-ring#breadcrumb","itemListElement":[{"@type":"ListItem","position":1,"name":"Home","item":"https:\/\/www.goyel.de\/"},{"@type":"ListItem","position":2,"name":"Shop","item":"https:\/\/www.goyel.de\/shop-2"},{"@type":"ListItem","position":3,"name":"Goyel Dancing Leaf Ring"}]},{"@type":"WebSite","@id":"https:\/\/www.goyel.de\/#website","url":"https:\/\/www.goyel.de\/","name":"Goyel","description":"Creates a lifetime memory","publisher":{"@id":"https:\/\/www.goyel.de\/#organization"},"potentialAction":[{"@type":"SearchAction","target":{"@type":"EntryPoint","urlTemplate":"https:\/\/www.goyel.de\/?s={search_term_string}"},"query-input":{"@type":"PropertyValueSpecification","valueRequired":true,"valueName":"search_term_string"}}],"inLanguage":"en-US"},{"@type":"Organization","@id":"https:\/\/www.goyel.de\/#organization","name":"Goyel","url":"https:\/\/www.goyel.de\/","logo":{"@type":"ImageObject","inLanguage":"en-US","@id":"https:\/\/www.goyel.de\/#\/schema\/logo\/image\/","url":"https:\/\/i2.wp.com\/www.goyel.de\/wp-content\/uploads\/2021\/07\/goyel_black-e1628160184248.png?fit=868%2C325&ssl=1","contentUrl":"https:\/\/i2.wp.com\/www.goyel.de\/wp-content\/uploads\/2021\/07\/goyel_black-e1628160184248.png?fit=868%2C325&ssl=1","width":868,"height":325,"caption":"Goyel"},"image":{"@id":"https:\/\/www.goyel.de\/#\/schema\/logo\/image\/"},"sameAs":["https:\/\/www.facebook.com\/goyeljewelry","https:\/\/www.instagram.com\/goyeljewelry\/"]}]}},"jetpack_sharing_enabled":true,"_links":{"self":[{"href":"https:\/\/www.goyel.de\/en\/wp-json\/wp\/v2\/product\/2253","targetHints":{"allow":["GET"]}}],"collection":[{"href":"https:\/\/www.goyel.de\/en\/wp-json\/wp\/v2\/product"}],"about":[{"href":"https:\/\/www.goyel.de\/en\/wp-json\/wp\/v2\/types\/product"}],"wp:featuredmedia":[{"embeddable":true,"href":"https:\/\/www.goyel.de\/en\/wp-json\/wp\/v2\/media\/2306"}],"wp:attachment":[{"href":"https:\/\/www.goyel.de\/en\/wp-json\/wp\/v2\/media?parent=2253"}],"wp:term":[{"taxonomy":"product_brand","embeddable":true,"href":"https:\/\/www.goyel.de\/en\/wp-json\/wp\/v2\/product_brand?post=2253"},{"taxonomy":"product_cat","embeddable":true,"href":"https:\/\/www.goyel.de\/en\/wp-json\/wp\/v2\/product_cat?post=2253"},{"taxonomy":"product_tag","embeddable":true,"href":"https:\/\/www.goyel.de\/en\/wp-json\/wp\/v2\/product_tag?post=2253"}],"curies":[{"name":"wp","href":"https:\/\/api.w.org\/{rel}","templated":true}]}}