{"id":1890,"date":"2021-09-27T13:36:40","date_gmt":"2021-09-27T13:36:40","guid":{"rendered":"https:\/\/www.goyel.de\/?post_type=product&#038;p=1890"},"modified":"2021-12-08T10:46:53","modified_gmt":"2021-12-08T10:46:53","slug":"goyel-parrot-multicolour-turmalin-halskette","status":"publish","type":"product","link":"https:\/\/www.goyel.de\/en\/product\/goyel-parrot-multicolour-turmalin-halskette","title":{"rendered":"Goyel Parrot Multicolour Tourmaline Necklace"},"content":{"rendered":"<ul>\n<li><strong>Origin:<\/strong> Brazil<\/li>\n<li><strong>Shape:\u00a0<\/strong>Round Faceted<\/li>\n<li><strong>Weight: <\/strong>220ct<\/li>\n<li><strong>Size:\u00a0<\/strong> 7.5mm - 8mm Graduated<\/li>\n<li><strong>Length:\u00a0<\/strong>45cm with 585 Yellow Gold Clip<\/li>\n<\/ul>","protected":false},"excerpt":{"rendered":"<p>Diese mehrfarbige Turmalin-Halskette ist ein leuchtender Farbklecks, der jedes Outfit einen neuen Glanz verschafft und eine unverzichtbare Erg\u00e4nzung Ihrer Schmucksammlung darstellt. Tragen Sie dieses Schmuckst\u00fcck bei besonderen Anl\u00e4ssen denn dieses Unikat ist ein echtes Statement.<\/p>\n<p>Haben Sie spezielle W\u00fcnsche? Dann schreiben Sie uns eine <a href=\"mailto:shop@goyel.de?subject=[Enquiry] - Goyel eBoutique Enquiry\">E-Mail<\/a><\/p>\n<p>Lieferzeit: 4 Wochen<\/p>\n","protected":false},"featured_media":1891,"template":"","meta":{"site-sidebar-layout":"default","site-content-layout":"default","ast-site-content-layout":"default","site-content-style":"default","site-sidebar-style":"default","ast-global-header-display":"","ast-banner-title-visibility":"","ast-main-header-display":"","ast-hfb-above-header-display":"","ast-hfb-below-header-display":"","ast-hfb-mobile-header-display":"","site-post-title":"","ast-breadcrumbs-content":"","ast-featured-img":"","footer-sml-layout":"","theme-transparent-header-meta":"default","adv-header-id-meta":"","stick-header-meta":"","header-above-stick-meta":"","header-main-stick-meta":"","header-below-stick-meta":"","astra-migrate-meta-layouts":"default","ast-page-background-enabled":"default","ast-page-background-meta":{"desktop":{"background-color":"","background-image":"","background-repeat":"repeat","background-position":"center center","background-size":"auto","background-attachment":"scroll","background-type":"","background-media":"","overlay-type":"","overlay-color":"","overlay-opacity":"","overlay-gradient":""},"tablet":{"background-color":"","background-image":"","background-repeat":"repeat","background-position":"center center","background-size":"auto","background-attachment":"scroll","background-type":"","background-media":"","overlay-type":"","overlay-color":"","overlay-opacity":"","overlay-gradient":""},"mobile":{"background-color":"","background-image":"","background-repeat":"repeat","background-position":"center center","background-size":"auto","background-attachment":"scroll","background-type":"","background-media":"","overlay-type":"","overlay-color":"","overlay-opacity":"","overlay-gradient":""}},"ast-content-background-meta":{"desktop":{"background-color":"var(--ast-global-color-5)","background-image":"","background-repeat":"repeat","background-position":"center center","background-size":"auto","background-attachment":"scroll","background-type":"","background-media":"","overlay-type":"","overlay-color":"","overlay-opacity":"","overlay-gradient":""},"tablet":{"background-color":"var(--ast-global-color-5)","background-image":"","background-repeat":"repeat","background-position":"center center","background-size":"auto","background-attachment":"scroll","background-type":"","background-media":"","overlay-type":"","overlay-color":"","overlay-opacity":"","overlay-gradient":""},"mobile":{"background-color":"var(--ast-global-color-5)","background-image":"","background-repeat":"repeat","background-position":"center center","background-size":"auto","background-attachment":"scroll","background-type":"","background-media":"","overlay-type":"","overlay-color":"","overlay-opacity":"","overlay-gradient":""}}},"product_brand":[],"product_cat":[66],"product_tag":[],"class_list":{"0":"post-1890","1":"product","2":"type-product","3":"status-publish","4":"has-post-thumbnail","6":"product_cat-necklace","7":"desktop-align-left","8":"tablet-align-left","9":"mobile-align-left","11":"first","12":"instock","13":"taxable","14":"shipping-taxable","15":"purchasable","16":"product-type-simple"},"yoast_head":"<!-- This site is optimized with the Yoast SEO plugin v27.5 - https:\/\/yoast.com\/product\/yoast-seo-wordpress\/ -->\n<title>Goyel Parrot Multicolour Turmalin Halskette - Goyel<\/title>\n<meta name=\"description\" content=\"Diese mehrfarbige Turmalin-Halskette ist ein leuchtender Farbklecks, der jedes Outfit einen neuen Glanz verschafft.\" \/>\n<meta name=\"robots\" content=\"index, follow, max-snippet:-1, max-image-preview:large, max-video-preview:-1\" \/>\n<link rel=\"canonical\" href=\"https:\/\/www.goyel.de\/en\/product\/goyel-parrot-multicolour-turmalin-halskette\/\" \/>\n<meta property=\"og:locale\" content=\"en_US\" \/>\n<meta property=\"og:type\" content=\"article\" \/>\n<meta property=\"og:title\" content=\"Goyel Parrot Multicolour Turmalin Halskette - Goyel\" \/>\n<meta property=\"og:description\" content=\"Diese mehrfarbige Turmalin-Halskette ist ein leuchtender Farbklecks, der jedes Outfit einen neuen Glanz verschafft.\" \/>\n<meta property=\"og:url\" content=\"https:\/\/www.goyel.de\/en\/product\/goyel-parrot-multicolour-turmalin-halskette\/\" \/>\n<meta property=\"og:site_name\" content=\"Goyel\" \/>\n<meta property=\"article:publisher\" content=\"https:\/\/www.facebook.com\/goyeljewelry\" \/>\n<meta property=\"article:modified_time\" content=\"2021-12-08T10:46:53+00:00\" \/>\n<meta property=\"og:image\" content=\"https:\/\/www.goyel.de\/wp-content\/uploads\/2021\/09\/bunte-Turmalinkette1-scaled.jpg\" \/>\n\t<meta property=\"og:image:width\" content=\"2560\" \/>\n\t<meta property=\"og:image:height\" content=\"2560\" \/>\n\t<meta property=\"og:image:type\" content=\"image\/jpeg\" \/>\n<meta name=\"twitter:card\" content=\"summary_large_image\" \/>\n<meta name=\"twitter:label1\" content=\"Est. reading time\" \/>\n\t<meta name=\"twitter:data1\" content=\"1 minute\" \/>\n<script type=\"application\/ld+json\" class=\"yoast-schema-graph\">{\"@context\":\"https:\\\/\\\/schema.org\",\"@graph\":[{\"@type\":\"WebPage\",\"@id\":\"https:\\\/\\\/www.goyel.de\\\/product\\\/goyel-parrot-multicolour-turmalin-halskette\",\"url\":\"https:\\\/\\\/www.goyel.de\\\/product\\\/goyel-parrot-multicolour-turmalin-halskette\",\"name\":\"Goyel Parrot Multicolour Turmalin Halskette - Goyel\",\"isPartOf\":{\"@id\":\"https:\\\/\\\/www.goyel.de\\\/#website\"},\"primaryImageOfPage\":{\"@id\":\"https:\\\/\\\/www.goyel.de\\\/product\\\/goyel-parrot-multicolour-turmalin-halskette#primaryimage\"},\"image\":{\"@id\":\"https:\\\/\\\/www.goyel.de\\\/product\\\/goyel-parrot-multicolour-turmalin-halskette#primaryimage\"},\"thumbnailUrl\":\"https:\\\/\\\/www.goyel.de\\\/wp-content\\\/uploads\\\/2021\\\/09\\\/bunte-Turmalinkette1-scaled.jpg\",\"datePublished\":\"2021-09-27T13:36:40+00:00\",\"dateModified\":\"2021-12-08T10:46:53+00:00\",\"description\":\"Diese mehrfarbige Turmalin-Halskette ist ein leuchtender Farbklecks, der jedes Outfit einen neuen Glanz verschafft.\",\"breadcrumb\":{\"@id\":\"https:\\\/\\\/www.goyel.de\\\/product\\\/goyel-parrot-multicolour-turmalin-halskette#breadcrumb\"},\"inLanguage\":\"en-US\",\"potentialAction\":[{\"@type\":\"ReadAction\",\"target\":[\"https:\\\/\\\/www.goyel.de\\\/product\\\/goyel-parrot-multicolour-turmalin-halskette\"]}]},{\"@type\":\"ImageObject\",\"inLanguage\":\"en-US\",\"@id\":\"https:\\\/\\\/www.goyel.de\\\/product\\\/goyel-parrot-multicolour-turmalin-halskette#primaryimage\",\"url\":\"https:\\\/\\\/www.goyel.de\\\/wp-content\\\/uploads\\\/2021\\\/09\\\/bunte-Turmalinkette1-scaled.jpg\",\"contentUrl\":\"https:\\\/\\\/www.goyel.de\\\/wp-content\\\/uploads\\\/2021\\\/09\\\/bunte-Turmalinkette1-scaled.jpg\",\"width\":2560,\"height\":2560},{\"@type\":\"BreadcrumbList\",\"@id\":\"https:\\\/\\\/www.goyel.de\\\/product\\\/goyel-parrot-multicolour-turmalin-halskette#breadcrumb\",\"itemListElement\":[{\"@type\":\"ListItem\",\"position\":1,\"name\":\"Home\",\"item\":\"https:\\\/\\\/www.goyel.de\\\/\"},{\"@type\":\"ListItem\",\"position\":2,\"name\":\"Shop\",\"item\":\"https:\\\/\\\/www.goyel.de\\\/shop-2\"},{\"@type\":\"ListItem\",\"position\":3,\"name\":\"Goyel Parrot Multicolour Turmalin Halskette\"}]},{\"@type\":\"WebSite\",\"@id\":\"https:\\\/\\\/www.goyel.de\\\/#website\",\"url\":\"https:\\\/\\\/www.goyel.de\\\/\",\"name\":\"Goyel\",\"description\":\"Creates a lifetime memory\",\"publisher\":{\"@id\":\"https:\\\/\\\/www.goyel.de\\\/#organization\"},\"potentialAction\":[{\"@type\":\"SearchAction\",\"target\":{\"@type\":\"EntryPoint\",\"urlTemplate\":\"https:\\\/\\\/www.goyel.de\\\/?s={search_term_string}\"},\"query-input\":{\"@type\":\"PropertyValueSpecification\",\"valueRequired\":true,\"valueName\":\"search_term_string\"}}],\"inLanguage\":\"en-US\"},{\"@type\":\"Organization\",\"@id\":\"https:\\\/\\\/www.goyel.de\\\/#organization\",\"name\":\"Goyel\",\"url\":\"https:\\\/\\\/www.goyel.de\\\/\",\"logo\":{\"@type\":\"ImageObject\",\"inLanguage\":\"en-US\",\"@id\":\"https:\\\/\\\/www.goyel.de\\\/#\\\/schema\\\/logo\\\/image\\\/\",\"url\":\"https:\\\/\\\/i2.wp.com\\\/www.goyel.de\\\/wp-content\\\/uploads\\\/2021\\\/07\\\/goyel_black-e1628160184248.png?fit=868%2C325&ssl=1\",\"contentUrl\":\"https:\\\/\\\/i2.wp.com\\\/www.goyel.de\\\/wp-content\\\/uploads\\\/2021\\\/07\\\/goyel_black-e1628160184248.png?fit=868%2C325&ssl=1\",\"width\":868,\"height\":325,\"caption\":\"Goyel\"},\"image\":{\"@id\":\"https:\\\/\\\/www.goyel.de\\\/#\\\/schema\\\/logo\\\/image\\\/\"},\"sameAs\":[\"https:\\\/\\\/www.facebook.com\\\/goyeljewelry\",\"https:\\\/\\\/www.instagram.com\\\/goyeljewelry\\\/\"]}]}<\/script>\n<!-- \/ Yoast SEO plugin. -->","yoast_head_json":{"title":"Goyel Parrot Multicolour Turmalin Halskette - Goyel","description":"Diese mehrfarbige Turmalin-Halskette ist ein leuchtender Farbklecks, der jedes Outfit einen neuen Glanz verschafft.","robots":{"index":"index","follow":"follow","max-snippet":"max-snippet:-1","max-image-preview":"max-image-preview:large","max-video-preview":"max-video-preview:-1"},"canonical":"https:\/\/www.goyel.de\/en\/product\/goyel-parrot-multicolour-turmalin-halskette\/","og_locale":"en_US","og_type":"article","og_title":"Goyel Parrot Multicolour Turmalin Halskette - Goyel","og_description":"Diese mehrfarbige Turmalin-Halskette ist ein leuchtender Farbklecks, der jedes Outfit einen neuen Glanz verschafft.","og_url":"https:\/\/www.goyel.de\/en\/product\/goyel-parrot-multicolour-turmalin-halskette\/","og_site_name":"Goyel","article_publisher":"https:\/\/www.facebook.com\/goyeljewelry","article_modified_time":"2021-12-08T10:46:53+00:00","og_image":[{"width":2560,"height":2560,"url":"https:\/\/www.goyel.de\/wp-content\/uploads\/2021\/09\/bunte-Turmalinkette1-scaled.jpg","type":"image\/jpeg"}],"twitter_card":"summary_large_image","twitter_misc":{"Est. reading time":"1 minute"},"schema":{"@context":"https:\/\/schema.org","@graph":[{"@type":"WebPage","@id":"https:\/\/www.goyel.de\/product\/goyel-parrot-multicolour-turmalin-halskette","url":"https:\/\/www.goyel.de\/product\/goyel-parrot-multicolour-turmalin-halskette","name":"Goyel Parrot Multicolour Turmalin Halskette - Goyel","isPartOf":{"@id":"https:\/\/www.goyel.de\/#website"},"primaryImageOfPage":{"@id":"https:\/\/www.goyel.de\/product\/goyel-parrot-multicolour-turmalin-halskette#primaryimage"},"image":{"@id":"https:\/\/www.goyel.de\/product\/goyel-parrot-multicolour-turmalin-halskette#primaryimage"},"thumbnailUrl":"https:\/\/www.goyel.de\/wp-content\/uploads\/2021\/09\/bunte-Turmalinkette1-scaled.jpg","datePublished":"2021-09-27T13:36:40+00:00","dateModified":"2021-12-08T10:46:53+00:00","description":"Diese mehrfarbige Turmalin-Halskette ist ein leuchtender Farbklecks, der jedes Outfit einen neuen Glanz verschafft.","breadcrumb":{"@id":"https:\/\/www.goyel.de\/product\/goyel-parrot-multicolour-turmalin-halskette#breadcrumb"},"inLanguage":"en-US","potentialAction":[{"@type":"ReadAction","target":["https:\/\/www.goyel.de\/product\/goyel-parrot-multicolour-turmalin-halskette"]}]},{"@type":"ImageObject","inLanguage":"en-US","@id":"https:\/\/www.goyel.de\/product\/goyel-parrot-multicolour-turmalin-halskette#primaryimage","url":"https:\/\/www.goyel.de\/wp-content\/uploads\/2021\/09\/bunte-Turmalinkette1-scaled.jpg","contentUrl":"https:\/\/www.goyel.de\/wp-content\/uploads\/2021\/09\/bunte-Turmalinkette1-scaled.jpg","width":2560,"height":2560},{"@type":"BreadcrumbList","@id":"https:\/\/www.goyel.de\/product\/goyel-parrot-multicolour-turmalin-halskette#breadcrumb","itemListElement":[{"@type":"ListItem","position":1,"name":"Home","item":"https:\/\/www.goyel.de\/"},{"@type":"ListItem","position":2,"name":"Shop","item":"https:\/\/www.goyel.de\/shop-2"},{"@type":"ListItem","position":3,"name":"Goyel Parrot Multicolour Turmalin Halskette"}]},{"@type":"WebSite","@id":"https:\/\/www.goyel.de\/#website","url":"https:\/\/www.goyel.de\/","name":"Goyel","description":"Creates a lifetime memory","publisher":{"@id":"https:\/\/www.goyel.de\/#organization"},"potentialAction":[{"@type":"SearchAction","target":{"@type":"EntryPoint","urlTemplate":"https:\/\/www.goyel.de\/?s={search_term_string}"},"query-input":{"@type":"PropertyValueSpecification","valueRequired":true,"valueName":"search_term_string"}}],"inLanguage":"en-US"},{"@type":"Organization","@id":"https:\/\/www.goyel.de\/#organization","name":"Goyel","url":"https:\/\/www.goyel.de\/","logo":{"@type":"ImageObject","inLanguage":"en-US","@id":"https:\/\/www.goyel.de\/#\/schema\/logo\/image\/","url":"https:\/\/i2.wp.com\/www.goyel.de\/wp-content\/uploads\/2021\/07\/goyel_black-e1628160184248.png?fit=868%2C325&ssl=1","contentUrl":"https:\/\/i2.wp.com\/www.goyel.de\/wp-content\/uploads\/2021\/07\/goyel_black-e1628160184248.png?fit=868%2C325&ssl=1","width":868,"height":325,"caption":"Goyel"},"image":{"@id":"https:\/\/www.goyel.de\/#\/schema\/logo\/image\/"},"sameAs":["https:\/\/www.facebook.com\/goyeljewelry","https:\/\/www.instagram.com\/goyeljewelry\/"]}]}},"jetpack_sharing_enabled":true,"_links":{"self":[{"href":"https:\/\/www.goyel.de\/en\/wp-json\/wp\/v2\/product\/1890","targetHints":{"allow":["GET"]}}],"collection":[{"href":"https:\/\/www.goyel.de\/en\/wp-json\/wp\/v2\/product"}],"about":[{"href":"https:\/\/www.goyel.de\/en\/wp-json\/wp\/v2\/types\/product"}],"wp:featuredmedia":[{"embeddable":true,"href":"https:\/\/www.goyel.de\/en\/wp-json\/wp\/v2\/media\/1891"}],"wp:attachment":[{"href":"https:\/\/www.goyel.de\/en\/wp-json\/wp\/v2\/media?parent=1890"}],"wp:term":[{"taxonomy":"product_brand","embeddable":true,"href":"https:\/\/www.goyel.de\/en\/wp-json\/wp\/v2\/product_brand?post=1890"},{"taxonomy":"product_cat","embeddable":true,"href":"https:\/\/www.goyel.de\/en\/wp-json\/wp\/v2\/product_cat?post=1890"},{"taxonomy":"product_tag","embeddable":true,"href":"https:\/\/www.goyel.de\/en\/wp-json\/wp\/v2\/product_tag?post=1890"}],"curies":[{"name":"wp","href":"https:\/\/api.w.org\/{rel}","templated":true}]}}