{"id":1307,"date":"2021-07-27T09:37:08","date_gmt":"2021-07-27T09:37:08","guid":{"rendered":"https:\/\/goyel.de\/?page_id=1307"},"modified":"2021-07-27T09:46:52","modified_gmt":"2021-07-27T09:46:52","slug":"general-data-protection-regulation","status":"publish","type":"page","link":"https:\/\/www.goyel.de\/en\/general-data-protection-regulation","title":{"rendered":"General Data Protection regulation"},"content":{"rendered":"<div data-elementor-type=\"wp-page\" data-elementor-id=\"1307\" class=\"elementor elementor-1307\" data-elementor-post-type=\"page\">\n\t\t\t\t\t\t<section class=\"ob-is-breaking-bad elementor-section elementor-top-section elementor-element elementor-element-ae00e3a elementor-section-boxed elementor-section-height-default elementor-section-height-default\" data-id=\"ae00e3a\" data-element_type=\"section\" data-e-type=\"section\" data-settings=\"{&quot;_ob_bbad_use_it&quot;:&quot;yes&quot;,&quot;_ob_bbad_sssic_use&quot;:&quot;no&quot;,&quot;_ob_glider_is_slider&quot;:&quot;no&quot;}\">\n\t\t\t\t\t\t<div class=\"elementor-container elementor-column-gap-default\">\n\t\t\t\t\t<div class=\"elementor-column elementor-col-100 elementor-top-column elementor-element elementor-element-2363e13\" data-id=\"2363e13\" data-element_type=\"column\" data-e-type=\"column\" data-settings=\"{&quot;_ob_bbad_is_stalker&quot;:&quot;no&quot;,&quot;_ob_teleporter_use&quot;:false,&quot;_ob_column_hoveranimator&quot;:&quot;no&quot;,&quot;_ob_column_has_pseudo&quot;:&quot;no&quot;}\">\n\t\t\t<div class=\"elementor-widget-wrap elementor-element-populated\">\n\t\t\t\t\t\t<div class=\"elementor-element elementor-element-23d6575 ob-harakiri-inherit ob-has-background-overlay elementor-widget elementor-widget-heading\" data-id=\"23d6575\" data-element_type=\"widget\" data-e-type=\"widget\" data-settings=\"{&quot;_ob_use_harakiri&quot;:&quot;yes&quot;,&quot;_ob_harakiri_writing_mode&quot;:&quot;inherit&quot;,&quot;_ob_harakiri_text_clip&quot;:&quot;none&quot;,&quot;_ob_perspektive_use&quot;:&quot;no&quot;,&quot;_ob_poopart_use&quot;:&quot;yes&quot;,&quot;_ob_shadough_use&quot;:&quot;no&quot;,&quot;_ob_allow_hoveranimator&quot;:&quot;no&quot;,&quot;_ob_widget_stalker_use&quot;:&quot;no&quot;}\" data-widget_type=\"heading.default\">\n\t\t\t\t<div class=\"elementor-widget-container\">\n\t\t\t\t\t<h1 class=\"elementor-heading-title elementor-size-default\">General Data Protection Regulation<\/h1>\t\t\t\t<\/div>\n\t\t\t\t<\/div>\n\t\t\t\t<div class=\"elementor-element elementor-element-afc3875 ob-harakiri-inherit ob-has-background-overlay elementor-widget elementor-widget-text-editor\" data-id=\"afc3875\" data-element_type=\"widget\" data-e-type=\"widget\" data-settings=\"{&quot;_ob_use_harakiri&quot;:&quot;yes&quot;,&quot;_ob_harakiri_writing_mode&quot;:&quot;inherit&quot;,&quot;_ob_postman_use&quot;:&quot;no&quot;,&quot;_ob_perspektive_use&quot;:&quot;no&quot;,&quot;_ob_poopart_use&quot;:&quot;yes&quot;,&quot;_ob_shadough_use&quot;:&quot;no&quot;,&quot;_ob_allow_hoveranimator&quot;:&quot;no&quot;,&quot;_ob_widget_stalker_use&quot;:&quot;no&quot;}\" data-widget_type=\"text-editor.default\">\n\t\t\t\t<div class=\"elementor-widget-container\">\n\t\t\t\t\t\t\t\t\t<div>Bei Goyel ist uns der Schutz Ihrer pers\u00f6nlichen Daten sowie Ihrer Privatsph\u00e4re wichtig und nimmt einen hohen Stellenwert ein. Es ist f\u00fcr uns verpflichtend, Ihre Daten sicher aufzubewahren.\u00a0<\/div><div>Wir m\u00f6chten Sie dar\u00fcber in Kenntnis setzen, dass wir Sie gern transparenter und deutlicher dar\u00fcber informieren m\u00f6chten, wie wir Ihre personenbezogenen Daten verarbeiten. Diese Richtlinien k\u00f6nnen Sie hier in unserer Datenschutzerkl\u00e4rung auffinden. Dar\u00fcber hinaus erkl\u00e4ren wir hier au\u00dferdem, wof\u00fcr wir Ihre Daten ben\u00f6tigen.\u00a0<\/div><div>Sie haben das Recht, Einsicht in die Verarbeitung Ihrer Daten zu erhalten, diese zu \u00e4ndern sowie diesem zu widersprechen.<\/div><div>\u00a0<\/div><div>Bei allen Fragen k\u00f6nnen Sie uns jederzeit kontaktieren unter:\u00a0<strong><a href=\"mailto:privacy@goyel.de\">privacy@goyel.de<\/a><\/strong><\/div><div>\u00a0<\/div><div><p><strong>Wer ist f\u00fcr Ihre Daten verantwortlich?<\/strong><\/p><p>Das Unternehmen Indo Gems Handels GmbH tr\u00e4gt gem\u00e4\u00df dem geltenden Datenschutzrecht die Verantwortung f\u00fcr Ihre personenbezogenen Daten.<\/p><p>Indo Gems Handels GmbH<br \/>Hauptstra\u00dfe 31<\/p><p><span style=\"font-style: inherit; font-weight: inherit;\">55743 Idar-Oberstein<\/span><\/p><p>Deutschland<\/p><p>Gesch\u00e4ftsf\u00fchrung: Neel Kamal Agrawal<\/p><p><span class=\"Haendlerbund_Rechtstext_Absatz\"><strong>USt-IdNr.:<\/strong>\u00a0DE153201014<\/span><br \/><span class=\"Haendlerbund_Rechtstext_Absatz\">Registered in the Commercial Register of the Bad Kreuznach Local Court<br \/>Trade register number HRB 10815<\/span><\/p><\/div><p><strong>Zugriff auf Daten<\/strong><\/p><p>Ihre Daten werden nicht f\u00fcr Marketingzwecke an dritte Parteien au\u00dferhalb von der Goyel weitergegeben, getauscht oder verkauft.<\/p><p><strong>Ihre Rechte<\/strong><\/p><ul><li>Auskunftsrecht<\/li><li>Recht auf Berichtigung<\/li><li>Recht auf L\u00f6schung (au\u00dfer bei offenen Zahlungen, bei Kontakt zu Kundenservice, bei Missbrauch unserer Serviceleistungen. Gem\u00e4\u00df der Buchf\u00fchrungsvorschriften bewahren wir Ihre Daten, die mit Ihrer Transaktion in Zusammenhang stehen, auf.)<\/li><li>Recht auf Ablehnung von Direktwerbung wie Newsletter\u00a0<\/li><\/ul><p><strong>Von Ihren Rechten Gebrauch machen<\/strong><\/p><p>Kontaktieren Sie hierf\u00fcr unsere Mitarbeiter unter: <a href=\"mailto:privacy@goyel.de\">privacy@goyel.de<\/a>.<\/p><p>damit Sie Ihre Anfrage bez\u00fcglich der oben genannten Rechte bzw. Fragen bearbeiten k\u00f6nnen. Wenden Sie sich gern vertrauensvoll an uns.\u00a0<\/p><p><strong>Folgende personenbezogene Daten werden verwendet<\/strong><\/p><ul><li>Kontaktdaten (Name, Anschrift, E-Mail Adresse, Telefonnummer)<\/li><li>Zahlungsinformationen (Zahlungsart, Transaktionsbetrag)<\/li><li>Bestellinformationen<\/li><li>Kaufhistorie\u00a0<\/li><li>Auftragsnummer<\/li><\/ul><p>Personenbezogene Daten werden verwendet f\u00fcr:<\/p><ul><li>Bearbeitung Ihrer Online-K\u00e4ufe sowie R\u00fcckgaben<\/li><li>Versand von diversen Mitteilungen (Lieferstatus)<\/li><li>Lieferangaben<\/li><li>Bearbeitung Ihrer Zahlungen<\/li><li>Qualit\u00e4tsverbesserungen unserer Produkte und Services<\/li><li>Klickhistorie<\/li><li>Navigations- und Surfhistorie<\/li><\/ul><p><strong>Rechtliche Grundlage zur Verarbeitung\u00a0<\/strong><\/p><p>Die Verarbeitung Ihrer personenbezogenen Daten ist f\u00fcr Goyel Voraussetzung f\u00fcr die Bearbeitung und Lieferung der Bestellung an Sie.\u00a0<\/p>\t\t\t\t\t\t\t\t<\/div>\n\t\t\t\t<\/div>\n\t\t\t\t\t<\/div>\n\t\t<\/div>\n\t\t\t\t\t<\/div>\n\t\t<\/section>\n\t\t\t\t<\/div>","protected":false},"excerpt":{"rendered":"<p>Datenschutzerkl\u00e4rung Bei Goyel ist uns der Schutz Ihrer pers\u00f6nlichen Daten sowie Ihrer Privatsph\u00e4re wichtig und nimmt einen hohen Stellenwert ein. Es ist f\u00fcr uns verpflichtend, Ihre Daten sicher aufzubewahren.\u00a0Wir m\u00f6chten Sie dar\u00fcber in Kenntnis setzen, dass wir Sie gern transparenter und deutlicher dar\u00fcber informieren m\u00f6chten, wie wir Ihre personenbezogenen Daten verarbeiten. Diese Richtlinien k\u00f6nnen Sie [&hellip;]<\/p>\n","protected":false},"author":1,"featured_media":0,"parent":0,"menu_order":0,"comment_status":"closed","ping_status":"closed","template":"","meta":{"site-sidebar-layout":"no-sidebar","site-content-layout":"boxed-container","ast-site-content-layout":"default","site-content-style":"default","site-sidebar-style":"default","ast-global-header-display":"","ast-banner-title-visibility":"","ast-main-header-display":"","ast-hfb-above-header-display":"","ast-hfb-below-header-display":"","ast-hfb-mobile-header-display":"","site-post-title":"disabled","ast-breadcrumbs-content":"","ast-featured-img":"disabled","footer-sml-layout":"","theme-transparent-header-meta":"default","adv-header-id-meta":"","stick-header-meta":"","header-above-stick-meta":"","header-main-stick-meta":"","header-below-stick-meta":"","astra-migrate-meta-layouts":"default","ast-page-background-enabled":"default","ast-page-background-meta":{"desktop":{"background-color":"","background-image":"","background-repeat":"repeat","background-position":"center center","background-size":"auto","background-attachment":"scroll","background-type":"","background-media":"","overlay-type":"","overlay-color":"","overlay-opacity":"","overlay-gradient":""},"tablet":{"background-color":"","background-image":"","background-repeat":"repeat","background-position":"center center","background-size":"auto","background-attachment":"scroll","background-type":"","background-media":"","overlay-type":"","overlay-color":"","overlay-opacity":"","overlay-gradient":""},"mobile":{"background-color":"","background-image":"","background-repeat":"repeat","background-position":"center center","background-size":"auto","background-attachment":"scroll","background-type":"","background-media":"","overlay-type":"","overlay-color":"","overlay-opacity":"","overlay-gradient":""}},"ast-content-background-meta":{"desktop":{"background-color":"var(--ast-global-color-5)","background-image":"","background-repeat":"repeat","background-position":"center center","background-size":"auto","background-attachment":"scroll","background-type":"","background-media":"","overlay-type":"","overlay-color":"","overlay-opacity":"","overlay-gradient":""},"tablet":{"background-color":"var(--ast-global-color-5)","background-image":"","background-repeat":"repeat","background-position":"center center","background-size":"auto","background-attachment":"scroll","background-type":"","background-media":"","overlay-type":"","overlay-color":"","overlay-opacity":"","overlay-gradient":""},"mobile":{"background-color":"var(--ast-global-color-5)","background-image":"","background-repeat":"repeat","background-position":"center center","background-size":"auto","background-attachment":"scroll","background-type":"","background-media":"","overlay-type":"","overlay-color":"","overlay-opacity":"","overlay-gradient":""}},"footnotes":""},"class_list":["post-1307","page","type-page","status-publish","hentry"],"yoast_head":"<!-- This site is optimized with the Yoast SEO plugin v27.5 - https:\/\/yoast.com\/product\/yoast-seo-wordpress\/ -->\n<title>General Data Protection regulation - Goyel<\/title>\n<meta name=\"robots\" content=\"index, follow, max-snippet:-1, max-image-preview:large, max-video-preview:-1\" \/>\n<link rel=\"canonical\" href=\"https:\/\/www.goyel.de\/en\/general-data-protection-regulation\/\" \/>\n<meta property=\"og:locale\" content=\"en_US\" \/>\n<meta property=\"og:type\" content=\"article\" \/>\n<meta property=\"og:title\" content=\"General Data Protection regulation - Goyel\" \/>\n<meta property=\"og:description\" content=\"Datenschutzerkl\u00e4rung Bei Goyel ist uns der Schutz Ihrer pers\u00f6nlichen Daten sowie Ihrer Privatsph\u00e4re wichtig und nimmt einen hohen Stellenwert ein. Es ist f\u00fcr uns verpflichtend, Ihre Daten sicher aufzubewahren.\u00a0Wir m\u00f6chten Sie dar\u00fcber in Kenntnis setzen, dass wir Sie gern transparenter und deutlicher dar\u00fcber informieren m\u00f6chten, wie wir Ihre personenbezogenen Daten verarbeiten. Diese Richtlinien k\u00f6nnen Sie [&hellip;]\" \/>\n<meta property=\"og:url\" content=\"https:\/\/www.goyel.de\/en\/general-data-protection-regulation\/\" \/>\n<meta property=\"og:site_name\" content=\"Goyel\" \/>\n<meta property=\"article:publisher\" content=\"https:\/\/www.facebook.com\/goyeljewelry\" \/>\n<meta property=\"article:modified_time\" content=\"2021-07-27T09:46:52+00:00\" \/>\n<meta property=\"og:image\" content=\"https:\/\/www.goyel.de\/wp-content\/uploads\/2021\/07\/goyel_black-e1628160184248.png\" \/>\n\t<meta property=\"og:image:width\" content=\"868\" \/>\n\t<meta property=\"og:image:height\" content=\"325\" \/>\n\t<meta property=\"og:image:type\" content=\"image\/png\" \/>\n<meta name=\"twitter:card\" content=\"summary_large_image\" \/>\n<meta name=\"twitter:label1\" content=\"Est. reading time\" \/>\n\t<meta name=\"twitter:data1\" content=\"2 minutes\" \/>\n<script type=\"application\/ld+json\" class=\"yoast-schema-graph\">{\"@context\":\"https:\\\/\\\/schema.org\",\"@graph\":[{\"@type\":\"WebPage\",\"@id\":\"https:\\\/\\\/www.goyel.de\\\/general-data-protection-regulation\",\"url\":\"https:\\\/\\\/www.goyel.de\\\/general-data-protection-regulation\",\"name\":\"General Data Protection regulation - Goyel\",\"isPartOf\":{\"@id\":\"https:\\\/\\\/www.goyel.de\\\/#website\"},\"datePublished\":\"2021-07-27T09:37:08+00:00\",\"dateModified\":\"2021-07-27T09:46:52+00:00\",\"breadcrumb\":{\"@id\":\"https:\\\/\\\/www.goyel.de\\\/general-data-protection-regulation#breadcrumb\"},\"inLanguage\":\"en-US\",\"potentialAction\":[{\"@type\":\"ReadAction\",\"target\":[\"https:\\\/\\\/www.goyel.de\\\/general-data-protection-regulation\"]}]},{\"@type\":\"BreadcrumbList\",\"@id\":\"https:\\\/\\\/www.goyel.de\\\/general-data-protection-regulation#breadcrumb\",\"itemListElement\":[{\"@type\":\"ListItem\",\"position\":1,\"name\":\"Home\",\"item\":\"https:\\\/\\\/www.goyel.de\\\/\"},{\"@type\":\"ListItem\",\"position\":2,\"name\":\"General Data Protection regulation\"}]},{\"@type\":\"WebSite\",\"@id\":\"https:\\\/\\\/www.goyel.de\\\/#website\",\"url\":\"https:\\\/\\\/www.goyel.de\\\/\",\"name\":\"Goyel\",\"description\":\"Creates a lifetime memory\",\"publisher\":{\"@id\":\"https:\\\/\\\/www.goyel.de\\\/#organization\"},\"potentialAction\":[{\"@type\":\"SearchAction\",\"target\":{\"@type\":\"EntryPoint\",\"urlTemplate\":\"https:\\\/\\\/www.goyel.de\\\/?s={search_term_string}\"},\"query-input\":{\"@type\":\"PropertyValueSpecification\",\"valueRequired\":true,\"valueName\":\"search_term_string\"}}],\"inLanguage\":\"en-US\"},{\"@type\":\"Organization\",\"@id\":\"https:\\\/\\\/www.goyel.de\\\/#organization\",\"name\":\"Goyel\",\"url\":\"https:\\\/\\\/www.goyel.de\\\/\",\"logo\":{\"@type\":\"ImageObject\",\"inLanguage\":\"en-US\",\"@id\":\"https:\\\/\\\/www.goyel.de\\\/#\\\/schema\\\/logo\\\/image\\\/\",\"url\":\"https:\\\/\\\/i2.wp.com\\\/www.goyel.de\\\/wp-content\\\/uploads\\\/2021\\\/07\\\/goyel_black-e1628160184248.png?fit=868%2C325&ssl=1\",\"contentUrl\":\"https:\\\/\\\/i2.wp.com\\\/www.goyel.de\\\/wp-content\\\/uploads\\\/2021\\\/07\\\/goyel_black-e1628160184248.png?fit=868%2C325&ssl=1\",\"width\":868,\"height\":325,\"caption\":\"Goyel\"},\"image\":{\"@id\":\"https:\\\/\\\/www.goyel.de\\\/#\\\/schema\\\/logo\\\/image\\\/\"},\"sameAs\":[\"https:\\\/\\\/www.facebook.com\\\/goyeljewelry\",\"https:\\\/\\\/www.instagram.com\\\/goyeljewelry\\\/\"]}]}<\/script>\n<!-- \/ Yoast SEO plugin. -->","yoast_head_json":{"title":"General Data Protection regulation - Goyel","robots":{"index":"index","follow":"follow","max-snippet":"max-snippet:-1","max-image-preview":"max-image-preview:large","max-video-preview":"max-video-preview:-1"},"canonical":"https:\/\/www.goyel.de\/en\/general-data-protection-regulation\/","og_locale":"en_US","og_type":"article","og_title":"General Data Protection regulation - Goyel","og_description":"Datenschutzerkl\u00e4rung Bei Goyel ist uns der Schutz Ihrer pers\u00f6nlichen Daten sowie Ihrer Privatsph\u00e4re wichtig und nimmt einen hohen Stellenwert ein. Es ist f\u00fcr uns verpflichtend, Ihre Daten sicher aufzubewahren.\u00a0Wir m\u00f6chten Sie dar\u00fcber in Kenntnis setzen, dass wir Sie gern transparenter und deutlicher dar\u00fcber informieren m\u00f6chten, wie wir Ihre personenbezogenen Daten verarbeiten. Diese Richtlinien k\u00f6nnen Sie [&hellip;]","og_url":"https:\/\/www.goyel.de\/en\/general-data-protection-regulation\/","og_site_name":"Goyel","article_publisher":"https:\/\/www.facebook.com\/goyeljewelry","article_modified_time":"2021-07-27T09:46:52+00:00","og_image":[{"width":868,"height":325,"url":"https:\/\/www.goyel.de\/wp-content\/uploads\/2021\/07\/goyel_black-e1628160184248.png","type":"image\/png"}],"twitter_card":"summary_large_image","twitter_misc":{"Est. reading time":"2 minutes"},"schema":{"@context":"https:\/\/schema.org","@graph":[{"@type":"WebPage","@id":"https:\/\/www.goyel.de\/general-data-protection-regulation","url":"https:\/\/www.goyel.de\/general-data-protection-regulation","name":"General Data Protection regulation - Goyel","isPartOf":{"@id":"https:\/\/www.goyel.de\/#website"},"datePublished":"2021-07-27T09:37:08+00:00","dateModified":"2021-07-27T09:46:52+00:00","breadcrumb":{"@id":"https:\/\/www.goyel.de\/general-data-protection-regulation#breadcrumb"},"inLanguage":"en-US","potentialAction":[{"@type":"ReadAction","target":["https:\/\/www.goyel.de\/general-data-protection-regulation"]}]},{"@type":"BreadcrumbList","@id":"https:\/\/www.goyel.de\/general-data-protection-regulation#breadcrumb","itemListElement":[{"@type":"ListItem","position":1,"name":"Home","item":"https:\/\/www.goyel.de\/"},{"@type":"ListItem","position":2,"name":"General Data Protection regulation"}]},{"@type":"WebSite","@id":"https:\/\/www.goyel.de\/#website","url":"https:\/\/www.goyel.de\/","name":"Goyel","description":"Creates a lifetime memory","publisher":{"@id":"https:\/\/www.goyel.de\/#organization"},"potentialAction":[{"@type":"SearchAction","target":{"@type":"EntryPoint","urlTemplate":"https:\/\/www.goyel.de\/?s={search_term_string}"},"query-input":{"@type":"PropertyValueSpecification","valueRequired":true,"valueName":"search_term_string"}}],"inLanguage":"en-US"},{"@type":"Organization","@id":"https:\/\/www.goyel.de\/#organization","name":"Goyel","url":"https:\/\/www.goyel.de\/","logo":{"@type":"ImageObject","inLanguage":"en-US","@id":"https:\/\/www.goyel.de\/#\/schema\/logo\/image\/","url":"https:\/\/i2.wp.com\/www.goyel.de\/wp-content\/uploads\/2021\/07\/goyel_black-e1628160184248.png?fit=868%2C325&ssl=1","contentUrl":"https:\/\/i2.wp.com\/www.goyel.de\/wp-content\/uploads\/2021\/07\/goyel_black-e1628160184248.png?fit=868%2C325&ssl=1","width":868,"height":325,"caption":"Goyel"},"image":{"@id":"https:\/\/www.goyel.de\/#\/schema\/logo\/image\/"},"sameAs":["https:\/\/www.facebook.com\/goyeljewelry","https:\/\/www.instagram.com\/goyeljewelry\/"]}]}},"jetpack_sharing_enabled":true,"_links":{"self":[{"href":"https:\/\/www.goyel.de\/en\/wp-json\/wp\/v2\/pages\/1307","targetHints":{"allow":["GET"]}}],"collection":[{"href":"https:\/\/www.goyel.de\/en\/wp-json\/wp\/v2\/pages"}],"about":[{"href":"https:\/\/www.goyel.de\/en\/wp-json\/wp\/v2\/types\/page"}],"author":[{"embeddable":true,"href":"https:\/\/www.goyel.de\/en\/wp-json\/wp\/v2\/users\/1"}],"replies":[{"embeddable":true,"href":"https:\/\/www.goyel.de\/en\/wp-json\/wp\/v2\/comments?post=1307"}],"version-history":[{"count":0,"href":"https:\/\/www.goyel.de\/en\/wp-json\/wp\/v2\/pages\/1307\/revisions"}],"wp:attachment":[{"href":"https:\/\/www.goyel.de\/en\/wp-json\/wp\/v2\/media?parent=1307"}],"curies":[{"name":"wp","href":"https:\/\/api.w.org\/{rel}","templated":true}]}}