{"id":1294,"date":"2021-07-27T09:26:47","date_gmt":"2021-07-27T09:26:47","guid":{"rendered":"https:\/\/goyel.de\/?page_id=1294"},"modified":"2021-07-28T10:04:54","modified_gmt":"2021-07-28T10:04:54","slug":"returns","status":"publish","type":"page","link":"https:\/\/www.goyel.de\/en\/returns","title":{"rendered":"Returns"},"content":{"rendered":"<div data-elementor-type=\"wp-page\" data-elementor-id=\"1294\" class=\"elementor elementor-1294\" data-elementor-post-type=\"page\">\n\t\t\t\t\t\t<section class=\"ob-is-breaking-bad elementor-section elementor-top-section elementor-element elementor-element-eb8e8b9 elementor-section-boxed elementor-section-height-default elementor-section-height-default\" data-id=\"eb8e8b9\" data-element_type=\"section\" data-e-type=\"section\" data-settings=\"{&quot;_ob_bbad_use_it&quot;:&quot;yes&quot;,&quot;_ob_bbad_sssic_use&quot;:&quot;no&quot;,&quot;_ob_glider_is_slider&quot;:&quot;no&quot;}\">\n\t\t\t\t\t\t<div class=\"elementor-container elementor-column-gap-default\">\n\t\t\t\t\t<div class=\"elementor-column elementor-col-100 elementor-top-column elementor-element elementor-element-5d4ed3c\" data-id=\"5d4ed3c\" data-element_type=\"column\" data-e-type=\"column\" data-settings=\"{&quot;_ob_bbad_is_stalker&quot;:&quot;no&quot;,&quot;_ob_teleporter_use&quot;:false,&quot;_ob_column_hoveranimator&quot;:&quot;no&quot;,&quot;_ob_column_has_pseudo&quot;:&quot;no&quot;}\">\n\t\t\t<div class=\"elementor-widget-wrap elementor-element-populated\">\n\t\t\t\t\t\t<div class=\"elementor-element elementor-element-21e7eb2 ob-harakiri-inherit ob-has-background-overlay elementor-widget elementor-widget-heading\" data-id=\"21e7eb2\" data-element_type=\"widget\" data-e-type=\"widget\" data-settings=\"{&quot;_ob_use_harakiri&quot;:&quot;yes&quot;,&quot;_ob_harakiri_writing_mode&quot;:&quot;inherit&quot;,&quot;_ob_harakiri_text_clip&quot;:&quot;none&quot;,&quot;_ob_perspektive_use&quot;:&quot;no&quot;,&quot;_ob_poopart_use&quot;:&quot;yes&quot;,&quot;_ob_shadough_use&quot;:&quot;no&quot;,&quot;_ob_allow_hoveranimator&quot;:&quot;no&quot;,&quot;_ob_widget_stalker_use&quot;:&quot;no&quot;}\" data-widget_type=\"heading.default\">\n\t\t\t\t<div class=\"elementor-widget-container\">\n\t\t\t\t\t<h1 class=\"elementor-heading-title elementor-size-default\">Returns<\/h1>\t\t\t\t<\/div>\n\t\t\t\t<\/div>\n\t\t\t\t<div class=\"elementor-element elementor-element-9a781fc ob-harakiri-inherit ob-has-background-overlay elementor-widget elementor-widget-text-editor\" data-id=\"9a781fc\" data-element_type=\"widget\" data-e-type=\"widget\" data-settings=\"{&quot;_ob_use_harakiri&quot;:&quot;yes&quot;,&quot;_ob_harakiri_writing_mode&quot;:&quot;inherit&quot;,&quot;_ob_postman_use&quot;:&quot;no&quot;,&quot;_ob_perspektive_use&quot;:&quot;no&quot;,&quot;_ob_poopart_use&quot;:&quot;yes&quot;,&quot;_ob_shadough_use&quot;:&quot;no&quot;,&quot;_ob_allow_hoveranimator&quot;:&quot;no&quot;,&quot;_ob_widget_stalker_use&quot;:&quot;no&quot;}\" data-widget_type=\"text-editor.default\">\n\t\t\t\t<div class=\"elementor-widget-container\">\n\t\t\t\t\t\t\t\t\t<p>Retouren an Goyel sind unkompliziert. Innerhalb von Europa sind sie kostenfrei.<\/p><p>Sie k\u00f6nnen jedes Schmuckst\u00fcck innerhalb von 14 Tagen nach Erhalt zur\u00fccksenden, unter der Bedingung, dass es in einwandfreiem Zustand ist.<\/p><p>Wie gehen Sie vor, wenn Sie ein St\u00fcck zur\u00fccksenden m\u00f6chten?<\/p><p>Bitte senden Sie dazu uns eine Email an\u00a0<strong><a href=\"mailto:reotur@goyel.de\">retour@goyel.de<\/a><\/strong>.<\/p><p>Erw\u00e4hnen Sie bitte die folgenden Punkte:<\/p><p>1. <strong>AUFTRAGSNUMMER<\/strong><\/p><p>2. <strong>GRUND DER RETOURE<\/strong><\/p><p>3. <strong>UMTAUSCH ODER ERSTATTUNG DES KAUFPREISES<\/strong><\/p><p>Bitte stellen Sie sicher, dass diese Angaben auch\u00a0in Ihrem Retoure-Paket zu finden sind.<\/p><p>Innerhalb der Garantiezeit erhalten Sie innerhalb von Europa einen Retoure-Aufkleber per Email zugesandt, sodass der Versand f\u00fcr sie kostenlos ist.<\/p><p>Sie erhalten von uns eine Nachricht, nachdem Ihr Paket mit der Retoure bei uns eingegangen ist und wir festgestellt haben, dass sich das Schmuckst\u00fcck in einwandfreiem Zustand befindet.<\/p><p>Bei einer Erstattung senden wir Ihnen den Kaufbetrag \u00fcber den von Ihnen vorgenommenen Zahlungsweg zur\u00fcck. Das dauert in der Regel 10 Arbeitstage.\u00a0Lediglich bei einer Zahlung per\u00a0SOFORT\u00a0\u00dcberweisung m\u00fcssen Sie uns bitte Ihre Bankverbindung mitteilen.<\/p><p>Bitte verpacken Sie das Schmuckst\u00fcck f\u00fcr den Versand sicher, damit es unbesch\u00e4digt bei uns ankommt.<\/p><p>Sie k\u00f6nnen den\u00a0<strong>nicht gravierten, nicht personalisierten<\/strong>\u00a0Artikel innerhalb von 14 Tagen umtauschen oder zur\u00fcckgeben. Dieser Service ist versandkosten- und geb\u00fchrenfrei innerhalb der EU. Bitte wenden Sie sich f\u00fcr eine Retour per e-Mail an: <a href=\"mailto:retour@goyel.de\">retour@goyel.de<\/a><\/p><p>Eine Gravur ist ein pers\u00f6nlicher und individuell angefertigter Service. Aus diesem Grund kann ein gravierter Artikel weder umgetauscht noch zur\u00fcckgegeben werden.<\/p>\t\t\t\t\t\t\t\t<\/div>\n\t\t\t\t<\/div>\n\t\t\t\t\t<\/div>\n\t\t<\/div>\n\t\t\t\t\t<\/div>\n\t\t<\/section>\n\t\t\t\t<\/div>","protected":false},"excerpt":{"rendered":"<p>Retouren Retouren an Goyel sind unkompliziert. Innerhalb von Europa sind sie kostenfrei. Sie k\u00f6nnen jedes Schmuckst\u00fcck innerhalb von 14 Tagen nach Erhalt zur\u00fccksenden, unter der Bedingung, dass es in einwandfreiem Zustand ist. Wie gehen Sie vor, wenn Sie ein St\u00fcck zur\u00fccksenden m\u00f6chten? Bitte senden Sie dazu uns eine Email an&nbsp;retour@goyel.de. Erw\u00e4hnen Sie bitte die folgenden [&hellip;]<\/p>\n","protected":false},"author":1,"featured_media":0,"parent":0,"menu_order":0,"comment_status":"closed","ping_status":"closed","template":"","meta":{"site-sidebar-layout":"no-sidebar","site-content-layout":"boxed-container","ast-site-content-layout":"default","site-content-style":"default","site-sidebar-style":"default","ast-global-header-display":"","ast-banner-title-visibility":"","ast-main-header-display":"","ast-hfb-above-header-display":"","ast-hfb-below-header-display":"","ast-hfb-mobile-header-display":"","site-post-title":"disabled","ast-breadcrumbs-content":"","ast-featured-img":"disabled","footer-sml-layout":"","theme-transparent-header-meta":"default","adv-header-id-meta":"","stick-header-meta":"","header-above-stick-meta":"","header-main-stick-meta":"","header-below-stick-meta":"","astra-migrate-meta-layouts":"default","ast-page-background-enabled":"default","ast-page-background-meta":{"desktop":{"background-color":"","background-image":"","background-repeat":"repeat","background-position":"center center","background-size":"auto","background-attachment":"scroll","background-type":"","background-media":"","overlay-type":"","overlay-color":"","overlay-opacity":"","overlay-gradient":""},"tablet":{"background-color":"","background-image":"","background-repeat":"repeat","background-position":"center center","background-size":"auto","background-attachment":"scroll","background-type":"","background-media":"","overlay-type":"","overlay-color":"","overlay-opacity":"","overlay-gradient":""},"mobile":{"background-color":"","background-image":"","background-repeat":"repeat","background-position":"center center","background-size":"auto","background-attachment":"scroll","background-type":"","background-media":"","overlay-type":"","overlay-color":"","overlay-opacity":"","overlay-gradient":""}},"ast-content-background-meta":{"desktop":{"background-color":"var(--ast-global-color-5)","background-image":"","background-repeat":"repeat","background-position":"center center","background-size":"auto","background-attachment":"scroll","background-type":"","background-media":"","overlay-type":"","overlay-color":"","overlay-opacity":"","overlay-gradient":""},"tablet":{"background-color":"var(--ast-global-color-5)","background-image":"","background-repeat":"repeat","background-position":"center center","background-size":"auto","background-attachment":"scroll","background-type":"","background-media":"","overlay-type":"","overlay-color":"","overlay-opacity":"","overlay-gradient":""},"mobile":{"background-color":"var(--ast-global-color-5)","background-image":"","background-repeat":"repeat","background-position":"center center","background-size":"auto","background-attachment":"scroll","background-type":"","background-media":"","overlay-type":"","overlay-color":"","overlay-opacity":"","overlay-gradient":""}},"footnotes":""},"class_list":["post-1294","page","type-page","status-publish","hentry"],"yoast_head":"<!-- This site is optimized with the Yoast SEO plugin v27.5 - https:\/\/yoast.com\/product\/yoast-seo-wordpress\/ -->\n<title>Goyel - R\u00fccksendungen und Umtausch<\/title>\n<meta name=\"description\" content=\"Sie k\u00f6nnen jedes Schmuckst\u00fcck innerhalb von 14 Tagen nach Erhalt zur\u00fccksenden, unter der Bedingung, dass es in einwandfreiem Zustand ist.\" \/>\n<meta name=\"robots\" content=\"index, follow, max-snippet:-1, max-image-preview:large, max-video-preview:-1\" \/>\n<link rel=\"canonical\" href=\"https:\/\/www.goyel.de\/en\/returns\/\" \/>\n<meta property=\"og:locale\" content=\"en_US\" \/>\n<meta property=\"og:type\" content=\"article\" \/>\n<meta property=\"og:title\" content=\"Goyel - R\u00fccksendungen und Umtausch\" \/>\n<meta property=\"og:description\" content=\"Sie k\u00f6nnen jedes Schmuckst\u00fcck innerhalb von 14 Tagen nach Erhalt zur\u00fccksenden, unter der Bedingung, dass es in einwandfreiem Zustand ist.\" \/>\n<meta property=\"og:url\" content=\"https:\/\/www.goyel.de\/en\/returns\/\" \/>\n<meta property=\"og:site_name\" content=\"Goyel\" \/>\n<meta property=\"article:publisher\" content=\"https:\/\/www.facebook.com\/goyeljewelry\" \/>\n<meta property=\"article:modified_time\" content=\"2021-07-28T10:04:54+00:00\" \/>\n<meta property=\"og:image\" content=\"https:\/\/www.goyel.de\/wp-content\/uploads\/2021\/07\/goyel_black-e1628160184248.png\" \/>\n\t<meta property=\"og:image:width\" content=\"868\" \/>\n\t<meta property=\"og:image:height\" content=\"325\" \/>\n\t<meta property=\"og:image:type\" content=\"image\/png\" \/>\n<meta name=\"twitter:card\" content=\"summary_large_image\" \/>\n<meta name=\"twitter:label1\" content=\"Est. reading time\" \/>\n\t<meta name=\"twitter:data1\" content=\"2 minutes\" \/>\n<script type=\"application\/ld+json\" class=\"yoast-schema-graph\">{\"@context\":\"https:\\\/\\\/schema.org\",\"@graph\":[{\"@type\":\"WebPage\",\"@id\":\"https:\\\/\\\/www.goyel.de\\\/returns\",\"url\":\"https:\\\/\\\/www.goyel.de\\\/returns\",\"name\":\"Goyel - R\u00fccksendungen und Umtausch\",\"isPartOf\":{\"@id\":\"https:\\\/\\\/www.goyel.de\\\/#website\"},\"datePublished\":\"2021-07-27T09:26:47+00:00\",\"dateModified\":\"2021-07-28T10:04:54+00:00\",\"description\":\"Sie k\u00f6nnen jedes Schmuckst\u00fcck innerhalb von 14 Tagen nach Erhalt zur\u00fccksenden, unter der Bedingung, dass es in einwandfreiem Zustand ist.\",\"breadcrumb\":{\"@id\":\"https:\\\/\\\/www.goyel.de\\\/returns#breadcrumb\"},\"inLanguage\":\"en-US\",\"potentialAction\":[{\"@type\":\"ReadAction\",\"target\":[\"https:\\\/\\\/www.goyel.de\\\/returns\"]}]},{\"@type\":\"BreadcrumbList\",\"@id\":\"https:\\\/\\\/www.goyel.de\\\/returns#breadcrumb\",\"itemListElement\":[{\"@type\":\"ListItem\",\"position\":1,\"name\":\"Home\",\"item\":\"https:\\\/\\\/www.goyel.de\\\/\"},{\"@type\":\"ListItem\",\"position\":2,\"name\":\"Returns\"}]},{\"@type\":\"WebSite\",\"@id\":\"https:\\\/\\\/www.goyel.de\\\/#website\",\"url\":\"https:\\\/\\\/www.goyel.de\\\/\",\"name\":\"Goyel\",\"description\":\"Creates a lifetime memory\",\"publisher\":{\"@id\":\"https:\\\/\\\/www.goyel.de\\\/#organization\"},\"potentialAction\":[{\"@type\":\"SearchAction\",\"target\":{\"@type\":\"EntryPoint\",\"urlTemplate\":\"https:\\\/\\\/www.goyel.de\\\/?s={search_term_string}\"},\"query-input\":{\"@type\":\"PropertyValueSpecification\",\"valueRequired\":true,\"valueName\":\"search_term_string\"}}],\"inLanguage\":\"en-US\"},{\"@type\":\"Organization\",\"@id\":\"https:\\\/\\\/www.goyel.de\\\/#organization\",\"name\":\"Goyel\",\"url\":\"https:\\\/\\\/www.goyel.de\\\/\",\"logo\":{\"@type\":\"ImageObject\",\"inLanguage\":\"en-US\",\"@id\":\"https:\\\/\\\/www.goyel.de\\\/#\\\/schema\\\/logo\\\/image\\\/\",\"url\":\"https:\\\/\\\/i2.wp.com\\\/www.goyel.de\\\/wp-content\\\/uploads\\\/2021\\\/07\\\/goyel_black-e1628160184248.png?fit=868%2C325&ssl=1\",\"contentUrl\":\"https:\\\/\\\/i2.wp.com\\\/www.goyel.de\\\/wp-content\\\/uploads\\\/2021\\\/07\\\/goyel_black-e1628160184248.png?fit=868%2C325&ssl=1\",\"width\":868,\"height\":325,\"caption\":\"Goyel\"},\"image\":{\"@id\":\"https:\\\/\\\/www.goyel.de\\\/#\\\/schema\\\/logo\\\/image\\\/\"},\"sameAs\":[\"https:\\\/\\\/www.facebook.com\\\/goyeljewelry\",\"https:\\\/\\\/www.instagram.com\\\/goyeljewelry\\\/\"]}]}<\/script>\n<!-- \/ Yoast SEO plugin. -->","yoast_head_json":{"title":"Goyel - R\u00fccksendungen und Umtausch","description":"Sie k\u00f6nnen jedes Schmuckst\u00fcck innerhalb von 14 Tagen nach Erhalt zur\u00fccksenden, unter der Bedingung, dass es in einwandfreiem Zustand ist.","robots":{"index":"index","follow":"follow","max-snippet":"max-snippet:-1","max-image-preview":"max-image-preview:large","max-video-preview":"max-video-preview:-1"},"canonical":"https:\/\/www.goyel.de\/en\/returns\/","og_locale":"en_US","og_type":"article","og_title":"Goyel - R\u00fccksendungen und Umtausch","og_description":"Sie k\u00f6nnen jedes Schmuckst\u00fcck innerhalb von 14 Tagen nach Erhalt zur\u00fccksenden, unter der Bedingung, dass es in einwandfreiem Zustand ist.","og_url":"https:\/\/www.goyel.de\/en\/returns\/","og_site_name":"Goyel","article_publisher":"https:\/\/www.facebook.com\/goyeljewelry","article_modified_time":"2021-07-28T10:04:54+00:00","og_image":[{"width":868,"height":325,"url":"https:\/\/www.goyel.de\/wp-content\/uploads\/2021\/07\/goyel_black-e1628160184248.png","type":"image\/png"}],"twitter_card":"summary_large_image","twitter_misc":{"Est. reading time":"2 minutes"},"schema":{"@context":"https:\/\/schema.org","@graph":[{"@type":"WebPage","@id":"https:\/\/www.goyel.de\/returns","url":"https:\/\/www.goyel.de\/returns","name":"Goyel - R\u00fccksendungen und Umtausch","isPartOf":{"@id":"https:\/\/www.goyel.de\/#website"},"datePublished":"2021-07-27T09:26:47+00:00","dateModified":"2021-07-28T10:04:54+00:00","description":"Sie k\u00f6nnen jedes Schmuckst\u00fcck innerhalb von 14 Tagen nach Erhalt zur\u00fccksenden, unter der Bedingung, dass es in einwandfreiem Zustand ist.","breadcrumb":{"@id":"https:\/\/www.goyel.de\/returns#breadcrumb"},"inLanguage":"en-US","potentialAction":[{"@type":"ReadAction","target":["https:\/\/www.goyel.de\/returns"]}]},{"@type":"BreadcrumbList","@id":"https:\/\/www.goyel.de\/returns#breadcrumb","itemListElement":[{"@type":"ListItem","position":1,"name":"Home","item":"https:\/\/www.goyel.de\/"},{"@type":"ListItem","position":2,"name":"Returns"}]},{"@type":"WebSite","@id":"https:\/\/www.goyel.de\/#website","url":"https:\/\/www.goyel.de\/","name":"Goyel","description":"Creates a lifetime memory","publisher":{"@id":"https:\/\/www.goyel.de\/#organization"},"potentialAction":[{"@type":"SearchAction","target":{"@type":"EntryPoint","urlTemplate":"https:\/\/www.goyel.de\/?s={search_term_string}"},"query-input":{"@type":"PropertyValueSpecification","valueRequired":true,"valueName":"search_term_string"}}],"inLanguage":"en-US"},{"@type":"Organization","@id":"https:\/\/www.goyel.de\/#organization","name":"Goyel","url":"https:\/\/www.goyel.de\/","logo":{"@type":"ImageObject","inLanguage":"en-US","@id":"https:\/\/www.goyel.de\/#\/schema\/logo\/image\/","url":"https:\/\/i2.wp.com\/www.goyel.de\/wp-content\/uploads\/2021\/07\/goyel_black-e1628160184248.png?fit=868%2C325&ssl=1","contentUrl":"https:\/\/i2.wp.com\/www.goyel.de\/wp-content\/uploads\/2021\/07\/goyel_black-e1628160184248.png?fit=868%2C325&ssl=1","width":868,"height":325,"caption":"Goyel"},"image":{"@id":"https:\/\/www.goyel.de\/#\/schema\/logo\/image\/"},"sameAs":["https:\/\/www.facebook.com\/goyeljewelry","https:\/\/www.instagram.com\/goyeljewelry\/"]}]}},"jetpack_sharing_enabled":true,"_links":{"self":[{"href":"https:\/\/www.goyel.de\/en\/wp-json\/wp\/v2\/pages\/1294","targetHints":{"allow":["GET"]}}],"collection":[{"href":"https:\/\/www.goyel.de\/en\/wp-json\/wp\/v2\/pages"}],"about":[{"href":"https:\/\/www.goyel.de\/en\/wp-json\/wp\/v2\/types\/page"}],"author":[{"embeddable":true,"href":"https:\/\/www.goyel.de\/en\/wp-json\/wp\/v2\/users\/1"}],"replies":[{"embeddable":true,"href":"https:\/\/www.goyel.de\/en\/wp-json\/wp\/v2\/comments?post=1294"}],"version-history":[{"count":0,"href":"https:\/\/www.goyel.de\/en\/wp-json\/wp\/v2\/pages\/1294\/revisions"}],"wp:attachment":[{"href":"https:\/\/www.goyel.de\/en\/wp-json\/wp\/v2\/media?parent=1294"}],"curies":[{"name":"wp","href":"https:\/\/api.w.org\/{rel}","templated":true}]}}